{"id":6113,"date":"2022-11-16T13:24:12","date_gmt":"2022-11-16T12:24:12","guid":{"rendered":"https:\/\/www.pluginator.dev\/sk\/?post_type=product&#038;p=6113"},"modified":"2022-11-16T15:16:37","modified_gmt":"2022-11-16T14:16:37","slug":"slovenska-posta-pre-woocommerce","status":"publish","type":"product","link":"https:\/\/www.pluginator.dev\/sk\/produkt\/slovenska-posta-pre-woocommerce\/","title":{"rendered":"Slovensk\u00e1 po\u0161ta pre WooCommerce"},"content":{"rendered":"<p>Plugin a podrobnej\u0161\u00ed popis pripravujeme.<\/p>\n<p>&nbsp;<\/p>\n","protected":false},"excerpt":{"rendered":"<p>Plugin a podrobnej\u0161\u00ed popis pripravujeme. &nbsp;<\/p>\n","protected":false},"featured_media":3045,"comment_status":"open","ping_status":"closed","template":"","meta":[],"product_cat":[275],"product_tag":[],"acf":[],"yoast_head":"<!-- This site is optimized with the Yoast SEO plugin v20.2.1 - https:\/\/yoast.com\/wordpress\/plugins\/seo\/ -->\n<title>Slovensk\u00e1 po\u0161ta pre WooCommerce - Pluginator<\/title>\n<meta name=\"description\" content=\"Najlep\u0161\u00ed plugin pre tvoj projekt n\u00e1jde\u0161 na Pluginatore - aj plugin Slovensk\u00e1 po\u0161ta pre WooCommerce, ktor\u00fd pom\u00f4\u017ee tvojmu projektu.\" \/>\n<meta name=\"robots\" content=\"index, follow, max-snippet:-1, max-image-preview:large, max-video-preview:-1\" \/>\n<link rel=\"canonical\" href=\"https:\/\/www.pluginator.dev\/sk\/produkt\/slovenska-posta-pre-woocommerce\/\" \/>\n<meta property=\"og:locale\" content=\"sk_SK\" \/>\n<meta property=\"og:type\" content=\"article\" \/>\n<meta property=\"og:title\" content=\"Slovensk\u00e1 po\u0161ta pre WooCommerce - Pluginator\" \/>\n<meta property=\"og:description\" content=\"Najlep\u0161\u00ed plugin pre tvoj projekt n\u00e1jde\u0161 na Pluginatore - aj plugin Slovensk\u00e1 po\u0161ta pre WooCommerce, ktor\u00fd pom\u00f4\u017ee tvojmu projektu.\" \/>\n<meta property=\"og:url\" content=\"https:\/\/www.pluginator.dev\/sk\/produkt\/slovenska-posta-pre-woocommerce\/\" \/>\n<meta property=\"og:site_name\" content=\"Pluginator\" \/>\n<meta property=\"article:publisher\" content=\"https:\/\/www.facebook.com\/pluginator.wisdom\/\" \/>\n<meta property=\"article:modified_time\" content=\"2022-11-16T14:16:37+00:00\" \/>\n<meta property=\"og:image\" content=\"https:\/\/www.pluginator.dev\/wp-content\/uploads\/2020\/04\/SlovPosta.jpg\" \/>\n\t<meta property=\"og:image:width\" content=\"1000\" \/>\n\t<meta property=\"og:image:height\" content=\"1000\" \/>\n\t<meta property=\"og:image:type\" content=\"image\/jpeg\" \/>\n<meta name=\"twitter:card\" content=\"summary_large_image\" \/>\n<script type=\"application\/ld+json\" class=\"yoast-schema-graph\">{\"@context\":\"https:\/\/schema.org\",\"@graph\":[{\"@type\":\"WebPage\",\"@id\":\"https:\/\/www.pluginator.dev\/sk\/produkt\/slovenska-posta-pre-woocommerce\/\",\"url\":\"https:\/\/www.pluginator.dev\/sk\/produkt\/slovenska-posta-pre-woocommerce\/\",\"name\":\"Slovensk\u00e1 po\u0161ta pre WooCommerce - Pluginator\",\"isPartOf\":{\"@id\":\"https:\/\/www.pluginator.dev\/sk\/#website\"},\"datePublished\":\"2022-11-16T12:24:12+00:00\",\"dateModified\":\"2022-11-16T14:16:37+00:00\",\"description\":\"Najlep\u0161\u00ed plugin pre tvoj projekt n\u00e1jde\u0161 na Pluginatore - aj plugin Slovensk\u00e1 po\u0161ta pre WooCommerce, ktor\u00fd pom\u00f4\u017ee tvojmu projektu.\",\"breadcrumb\":{\"@id\":\"https:\/\/www.pluginator.dev\/sk\/produkt\/slovenska-posta-pre-woocommerce\/#breadcrumb\"},\"inLanguage\":\"sk-SK\",\"potentialAction\":[{\"@type\":\"ReadAction\",\"target\":[\"https:\/\/www.pluginator.dev\/sk\/produkt\/slovenska-posta-pre-woocommerce\/\"]}]},{\"@type\":\"BreadcrumbList\",\"@id\":\"https:\/\/www.pluginator.dev\/sk\/produkt\/slovenska-posta-pre-woocommerce\/#breadcrumb\",\"itemListElement\":[{\"@type\":\"ListItem\",\"position\":1,\"name\":\"Home\",\"item\":\"https:\/\/www.pluginator.dev\/sk\/\"},{\"@type\":\"ListItem\",\"position\":2,\"name\":\"Obchod\",\"item\":\"https:\/\/www.pluginator.dev\/sk\/obchod\/\"},{\"@type\":\"ListItem\",\"position\":3,\"name\":\"Slovensk\u00e1 po\u0161ta pre WooCommerce\"}]},{\"@type\":\"WebSite\",\"@id\":\"https:\/\/www.pluginator.dev\/sk\/#website\",\"url\":\"https:\/\/www.pluginator.dev\/sk\/\",\"name\":\"Pluginator\",\"description\":\"Kvalitn\u00e9 pluginy od \u0161pi\u010dkov\u00fdch program\u00e1torov\",\"publisher\":{\"@id\":\"https:\/\/www.pluginator.dev\/sk\/#organization\"},\"potentialAction\":[{\"@type\":\"SearchAction\",\"target\":{\"@type\":\"EntryPoint\",\"urlTemplate\":\"https:\/\/www.pluginator.dev\/sk\/?s={search_term_string}\"},\"query-input\":\"required name=search_term_string\"}],\"inLanguage\":\"sk-SK\"},{\"@type\":\"Organization\",\"@id\":\"https:\/\/www.pluginator.dev\/sk\/#organization\",\"name\":\"Pluginator\",\"url\":\"https:\/\/www.pluginator.dev\/sk\/\",\"logo\":{\"@type\":\"ImageObject\",\"inLanguage\":\"sk-SK\",\"@id\":\"https:\/\/www.pluginator.dev\/sk\/#\/schema\/logo\/image\/\",\"url\":\"https:\/\/www.pluginator.dev\/wp-content\/uploads\/2020\/04\/Pluginator.png\",\"contentUrl\":\"https:\/\/www.pluginator.dev\/wp-content\/uploads\/2020\/04\/Pluginator.png\",\"width\":1701,\"height\":1124,\"caption\":\"Pluginator\"},\"image\":{\"@id\":\"https:\/\/www.pluginator.dev\/sk\/#\/schema\/logo\/image\/\"},\"sameAs\":[\"https:\/\/www.facebook.com\/pluginator.wisdom\/\"]}]}<\/script>\n<!-- \/ Yoast SEO plugin. -->","yoast_head_json":{"title":"Slovensk\u00e1 po\u0161ta pre WooCommerce - Pluginator","description":"Najlep\u0161\u00ed plugin pre tvoj projekt n\u00e1jde\u0161 na Pluginatore - aj plugin Slovensk\u00e1 po\u0161ta pre WooCommerce, ktor\u00fd pom\u00f4\u017ee tvojmu projektu.","robots":{"index":"index","follow":"follow","max-snippet":"max-snippet:-1","max-image-preview":"max-image-preview:large","max-video-preview":"max-video-preview:-1"},"canonical":"https:\/\/www.pluginator.dev\/sk\/produkt\/slovenska-posta-pre-woocommerce\/","og_locale":"sk_SK","og_type":"article","og_title":"Slovensk\u00e1 po\u0161ta pre WooCommerce - Pluginator","og_description":"Najlep\u0161\u00ed plugin pre tvoj projekt n\u00e1jde\u0161 na Pluginatore - aj plugin Slovensk\u00e1 po\u0161ta pre WooCommerce, ktor\u00fd pom\u00f4\u017ee tvojmu projektu.","og_url":"https:\/\/www.pluginator.dev\/sk\/produkt\/slovenska-posta-pre-woocommerce\/","og_site_name":"Pluginator","article_publisher":"https:\/\/www.facebook.com\/pluginator.wisdom\/","article_modified_time":"2022-11-16T14:16:37+00:00","og_image":[{"width":1000,"height":1000,"url":"https:\/\/www.pluginator.dev\/wp-content\/uploads\/2020\/04\/SlovPosta.jpg","type":"image\/jpeg"}],"twitter_card":"summary_large_image","schema":{"@context":"https:\/\/schema.org","@graph":[{"@type":"WebPage","@id":"https:\/\/www.pluginator.dev\/sk\/produkt\/slovenska-posta-pre-woocommerce\/","url":"https:\/\/www.pluginator.dev\/sk\/produkt\/slovenska-posta-pre-woocommerce\/","name":"Slovensk\u00e1 po\u0161ta pre WooCommerce - Pluginator","isPartOf":{"@id":"https:\/\/www.pluginator.dev\/sk\/#website"},"datePublished":"2022-11-16T12:24:12+00:00","dateModified":"2022-11-16T14:16:37+00:00","description":"Najlep\u0161\u00ed plugin pre tvoj projekt n\u00e1jde\u0161 na Pluginatore - aj plugin Slovensk\u00e1 po\u0161ta pre WooCommerce, ktor\u00fd pom\u00f4\u017ee tvojmu projektu.","breadcrumb":{"@id":"https:\/\/www.pluginator.dev\/sk\/produkt\/slovenska-posta-pre-woocommerce\/#breadcrumb"},"inLanguage":"sk-SK","potentialAction":[{"@type":"ReadAction","target":["https:\/\/www.pluginator.dev\/sk\/produkt\/slovenska-posta-pre-woocommerce\/"]}]},{"@type":"BreadcrumbList","@id":"https:\/\/www.pluginator.dev\/sk\/produkt\/slovenska-posta-pre-woocommerce\/#breadcrumb","itemListElement":[{"@type":"ListItem","position":1,"name":"Home","item":"https:\/\/www.pluginator.dev\/sk\/"},{"@type":"ListItem","position":2,"name":"Obchod","item":"https:\/\/www.pluginator.dev\/sk\/obchod\/"},{"@type":"ListItem","position":3,"name":"Slovensk\u00e1 po\u0161ta pre WooCommerce"}]},{"@type":"WebSite","@id":"https:\/\/www.pluginator.dev\/sk\/#website","url":"https:\/\/www.pluginator.dev\/sk\/","name":"Pluginator","description":"Kvalitn\u00e9 pluginy od \u0161pi\u010dkov\u00fdch program\u00e1torov","publisher":{"@id":"https:\/\/www.pluginator.dev\/sk\/#organization"},"potentialAction":[{"@type":"SearchAction","target":{"@type":"EntryPoint","urlTemplate":"https:\/\/www.pluginator.dev\/sk\/?s={search_term_string}"},"query-input":"required name=search_term_string"}],"inLanguage":"sk-SK"},{"@type":"Organization","@id":"https:\/\/www.pluginator.dev\/sk\/#organization","name":"Pluginator","url":"https:\/\/www.pluginator.dev\/sk\/","logo":{"@type":"ImageObject","inLanguage":"sk-SK","@id":"https:\/\/www.pluginator.dev\/sk\/#\/schema\/logo\/image\/","url":"https:\/\/www.pluginator.dev\/wp-content\/uploads\/2020\/04\/Pluginator.png","contentUrl":"https:\/\/www.pluginator.dev\/wp-content\/uploads\/2020\/04\/Pluginator.png","width":1701,"height":1124,"caption":"Pluginator"},"image":{"@id":"https:\/\/www.pluginator.dev\/sk\/#\/schema\/logo\/image\/"},"sameAs":["https:\/\/www.facebook.com\/pluginator.wisdom\/"]}]}},"_links":{"self":[{"href":"https:\/\/www.pluginator.dev\/sk\/wp-json\/wp\/v2\/product\/6113"}],"collection":[{"href":"https:\/\/www.pluginator.dev\/sk\/wp-json\/wp\/v2\/product"}],"about":[{"href":"https:\/\/www.pluginator.dev\/sk\/wp-json\/wp\/v2\/types\/product"}],"replies":[{"embeddable":true,"href":"https:\/\/www.pluginator.dev\/sk\/wp-json\/wp\/v2\/comments?post=6113"}],"wp:featuredmedia":[{"embeddable":true,"href":"https:\/\/www.pluginator.dev\/sk\/wp-json\/wp\/v2\/media\/3045"}],"wp:attachment":[{"href":"https:\/\/www.pluginator.dev\/sk\/wp-json\/wp\/v2\/media?parent=6113"}],"wp:term":[{"taxonomy":"product_cat","embeddable":true,"href":"https:\/\/www.pluginator.dev\/sk\/wp-json\/wp\/v2\/product_cat?post=6113"},{"taxonomy":"product_tag","embeddable":true,"href":"https:\/\/www.pluginator.dev\/sk\/wp-json\/wp\/v2\/product_tag?post=6113"}],"curies":[{"name":"wp","href":"https:\/\/api.w.org\/{rel}","templated":true}]}}