{"id":6104,"date":"2022-11-16T13:02:12","date_gmt":"2022-11-16T12:02:12","guid":{"rendered":"https:\/\/www.pluginator.dev\/sk\/?post_type=product&#038;p=6104"},"modified":"2022-11-16T15:15:46","modified_gmt":"2022-11-16T14:15:46","slug":"zasielkovna-pre-woocommerce","status":"publish","type":"product","link":"https:\/\/www.pluginator.dev\/sk\/produkt\/zasielkovna-pre-woocommerce\/","title":{"rendered":"Z\u00e1sielkov\u0148a pre Woocommerce"},"content":{"rendered":"<p><strong>R\u00fdchla mobiln\u00e1 aplik\u00e1cia, doru\u010dovanie z\u00e1sielok na druh\u00fd de\u0148, \u010di automatick\u00e9 generovanie \u0161t\u00edtkov?<\/strong> Toto a e\u0161te viac v\u00e1m prin\u00e1\u0161a rie\u0161enie na odosielanie a prij\u00edmanie bal\u00edkov cez <strong>Z\u00e1sielkov\u0148u<\/strong>. Va\u0161i z\u00e1kazn\u00edci si len vyber\u00fa <strong>v\u00fddajn\u00e9 miesto<\/strong> na mape a <strong>n\u00e1\u0161 plugin<\/strong> sa postar\u00e1 o zvy\u0161ok.<\/p>\n","protected":false},"excerpt":{"rendered":"<p>R\u00fdchla mobiln\u00e1 aplik\u00e1cia, doru\u010dovanie z\u00e1sielok na druh\u00fd de\u0148, \u010di automatick\u00e9 generovanie \u0161t\u00edtkov? Toto a e\u0161te viac v\u00e1m prin\u00e1\u0161a rie\u0161enie na odosielanie a prij\u00edmanie bal\u00edkov cez Z\u00e1sielkov\u0148u. Va\u0161i z\u00e1kazn\u00edci si len vyber\u00fa v\u00fddajn\u00e9 miesto na mape a n\u00e1\u0161 plugin sa postar\u00e1 o zvy\u0161ok.<\/p>\n","protected":false},"featured_media":4028,"comment_status":"open","ping_status":"closed","template":"","meta":[],"product_cat":[275],"product_tag":[],"acf":[],"yoast_head":"<!-- This site is optimized with the Yoast SEO plugin v20.2.1 - https:\/\/yoast.com\/wordpress\/plugins\/seo\/ -->\n<title>Z\u00e1sielkov\u0148a pre Woocommerce - Pluginator<\/title>\n<meta name=\"description\" content=\"Najlep\u0161\u00ed plugin pre tvoj projekt n\u00e1jde\u0161 na Pluginatore - aj plugin Z\u00e1sielkov\u0148a pre Woocommerce, ktor\u00fd pom\u00f4\u017ee tvojmu projektu.\" \/>\n<meta name=\"robots\" content=\"index, follow, max-snippet:-1, max-image-preview:large, max-video-preview:-1\" \/>\n<link rel=\"canonical\" href=\"https:\/\/www.pluginator.dev\/sk\/produkt\/zasielkovna-pre-woocommerce\/\" \/>\n<meta property=\"og:locale\" content=\"sk_SK\" \/>\n<meta property=\"og:type\" content=\"article\" \/>\n<meta property=\"og:title\" content=\"Z\u00e1sielkov\u0148a pre Woocommerce - Pluginator\" \/>\n<meta property=\"og:description\" content=\"Najlep\u0161\u00ed plugin pre tvoj projekt n\u00e1jde\u0161 na Pluginatore - aj plugin Z\u00e1sielkov\u0148a pre Woocommerce, ktor\u00fd pom\u00f4\u017ee tvojmu projektu.\" \/>\n<meta property=\"og:url\" content=\"https:\/\/www.pluginator.dev\/sk\/produkt\/zasielkovna-pre-woocommerce\/\" \/>\n<meta property=\"og:site_name\" content=\"Pluginator\" \/>\n<meta property=\"article:publisher\" content=\"https:\/\/www.facebook.com\/pluginator.wisdom\/\" \/>\n<meta property=\"article:modified_time\" content=\"2022-11-16T14:15:46+00:00\" \/>\n<meta property=\"og:image\" content=\"https:\/\/www.pluginator.dev\/wp-content\/uploads\/2021\/03\/zasielkovna_.jpg\" \/>\n\t<meta property=\"og:image:width\" content=\"1000\" \/>\n\t<meta property=\"og:image:height\" content=\"1000\" \/>\n\t<meta property=\"og:image:type\" content=\"image\/jpeg\" \/>\n<meta name=\"twitter:card\" content=\"summary_large_image\" \/>\n<script type=\"application\/ld+json\" class=\"yoast-schema-graph\">{\"@context\":\"https:\/\/schema.org\",\"@graph\":[{\"@type\":\"WebPage\",\"@id\":\"https:\/\/www.pluginator.dev\/sk\/produkt\/zasielkovna-pre-woocommerce\/\",\"url\":\"https:\/\/www.pluginator.dev\/sk\/produkt\/zasielkovna-pre-woocommerce\/\",\"name\":\"Z\u00e1sielkov\u0148a pre Woocommerce - Pluginator\",\"isPartOf\":{\"@id\":\"https:\/\/www.pluginator.dev\/sk\/#website\"},\"datePublished\":\"2022-11-16T12:02:12+00:00\",\"dateModified\":\"2022-11-16T14:15:46+00:00\",\"description\":\"Najlep\u0161\u00ed plugin pre tvoj projekt n\u00e1jde\u0161 na Pluginatore - aj plugin Z\u00e1sielkov\u0148a pre Woocommerce, ktor\u00fd pom\u00f4\u017ee tvojmu projektu.\",\"breadcrumb\":{\"@id\":\"https:\/\/www.pluginator.dev\/sk\/produkt\/zasielkovna-pre-woocommerce\/#breadcrumb\"},\"inLanguage\":\"sk-SK\",\"potentialAction\":[{\"@type\":\"ReadAction\",\"target\":[\"https:\/\/www.pluginator.dev\/sk\/produkt\/zasielkovna-pre-woocommerce\/\"]}]},{\"@type\":\"BreadcrumbList\",\"@id\":\"https:\/\/www.pluginator.dev\/sk\/produkt\/zasielkovna-pre-woocommerce\/#breadcrumb\",\"itemListElement\":[{\"@type\":\"ListItem\",\"position\":1,\"name\":\"Home\",\"item\":\"https:\/\/www.pluginator.dev\/sk\/\"},{\"@type\":\"ListItem\",\"position\":2,\"name\":\"Obchod\",\"item\":\"https:\/\/www.pluginator.dev\/sk\/obchod\/\"},{\"@type\":\"ListItem\",\"position\":3,\"name\":\"Z\u00e1sielkov\u0148a pre Woocommerce\"}]},{\"@type\":\"WebSite\",\"@id\":\"https:\/\/www.pluginator.dev\/sk\/#website\",\"url\":\"https:\/\/www.pluginator.dev\/sk\/\",\"name\":\"Pluginator\",\"description\":\"Kvalitn\u00e9 pluginy od \u0161pi\u010dkov\u00fdch program\u00e1torov\",\"publisher\":{\"@id\":\"https:\/\/www.pluginator.dev\/sk\/#organization\"},\"potentialAction\":[{\"@type\":\"SearchAction\",\"target\":{\"@type\":\"EntryPoint\",\"urlTemplate\":\"https:\/\/www.pluginator.dev\/sk\/?s={search_term_string}\"},\"query-input\":\"required name=search_term_string\"}],\"inLanguage\":\"sk-SK\"},{\"@type\":\"Organization\",\"@id\":\"https:\/\/www.pluginator.dev\/sk\/#organization\",\"name\":\"Pluginator\",\"url\":\"https:\/\/www.pluginator.dev\/sk\/\",\"logo\":{\"@type\":\"ImageObject\",\"inLanguage\":\"sk-SK\",\"@id\":\"https:\/\/www.pluginator.dev\/sk\/#\/schema\/logo\/image\/\",\"url\":\"https:\/\/www.pluginator.dev\/wp-content\/uploads\/2020\/04\/Pluginator.png\",\"contentUrl\":\"https:\/\/www.pluginator.dev\/wp-content\/uploads\/2020\/04\/Pluginator.png\",\"width\":1701,\"height\":1124,\"caption\":\"Pluginator\"},\"image\":{\"@id\":\"https:\/\/www.pluginator.dev\/sk\/#\/schema\/logo\/image\/\"},\"sameAs\":[\"https:\/\/www.facebook.com\/pluginator.wisdom\/\"]}]}<\/script>\n<!-- \/ Yoast SEO plugin. -->","yoast_head_json":{"title":"Z\u00e1sielkov\u0148a pre Woocommerce - Pluginator","description":"Najlep\u0161\u00ed plugin pre tvoj projekt n\u00e1jde\u0161 na Pluginatore - aj plugin Z\u00e1sielkov\u0148a pre Woocommerce, ktor\u00fd pom\u00f4\u017ee tvojmu projektu.","robots":{"index":"index","follow":"follow","max-snippet":"max-snippet:-1","max-image-preview":"max-image-preview:large","max-video-preview":"max-video-preview:-1"},"canonical":"https:\/\/www.pluginator.dev\/sk\/produkt\/zasielkovna-pre-woocommerce\/","og_locale":"sk_SK","og_type":"article","og_title":"Z\u00e1sielkov\u0148a pre Woocommerce - Pluginator","og_description":"Najlep\u0161\u00ed plugin pre tvoj projekt n\u00e1jde\u0161 na Pluginatore - aj plugin Z\u00e1sielkov\u0148a pre Woocommerce, ktor\u00fd pom\u00f4\u017ee tvojmu projektu.","og_url":"https:\/\/www.pluginator.dev\/sk\/produkt\/zasielkovna-pre-woocommerce\/","og_site_name":"Pluginator","article_publisher":"https:\/\/www.facebook.com\/pluginator.wisdom\/","article_modified_time":"2022-11-16T14:15:46+00:00","og_image":[{"width":1000,"height":1000,"url":"https:\/\/www.pluginator.dev\/wp-content\/uploads\/2021\/03\/zasielkovna_.jpg","type":"image\/jpeg"}],"twitter_card":"summary_large_image","schema":{"@context":"https:\/\/schema.org","@graph":[{"@type":"WebPage","@id":"https:\/\/www.pluginator.dev\/sk\/produkt\/zasielkovna-pre-woocommerce\/","url":"https:\/\/www.pluginator.dev\/sk\/produkt\/zasielkovna-pre-woocommerce\/","name":"Z\u00e1sielkov\u0148a pre Woocommerce - Pluginator","isPartOf":{"@id":"https:\/\/www.pluginator.dev\/sk\/#website"},"datePublished":"2022-11-16T12:02:12+00:00","dateModified":"2022-11-16T14:15:46+00:00","description":"Najlep\u0161\u00ed plugin pre tvoj projekt n\u00e1jde\u0161 na Pluginatore - aj plugin Z\u00e1sielkov\u0148a pre Woocommerce, ktor\u00fd pom\u00f4\u017ee tvojmu projektu.","breadcrumb":{"@id":"https:\/\/www.pluginator.dev\/sk\/produkt\/zasielkovna-pre-woocommerce\/#breadcrumb"},"inLanguage":"sk-SK","potentialAction":[{"@type":"ReadAction","target":["https:\/\/www.pluginator.dev\/sk\/produkt\/zasielkovna-pre-woocommerce\/"]}]},{"@type":"BreadcrumbList","@id":"https:\/\/www.pluginator.dev\/sk\/produkt\/zasielkovna-pre-woocommerce\/#breadcrumb","itemListElement":[{"@type":"ListItem","position":1,"name":"Home","item":"https:\/\/www.pluginator.dev\/sk\/"},{"@type":"ListItem","position":2,"name":"Obchod","item":"https:\/\/www.pluginator.dev\/sk\/obchod\/"},{"@type":"ListItem","position":3,"name":"Z\u00e1sielkov\u0148a pre Woocommerce"}]},{"@type":"WebSite","@id":"https:\/\/www.pluginator.dev\/sk\/#website","url":"https:\/\/www.pluginator.dev\/sk\/","name":"Pluginator","description":"Kvalitn\u00e9 pluginy od \u0161pi\u010dkov\u00fdch program\u00e1torov","publisher":{"@id":"https:\/\/www.pluginator.dev\/sk\/#organization"},"potentialAction":[{"@type":"SearchAction","target":{"@type":"EntryPoint","urlTemplate":"https:\/\/www.pluginator.dev\/sk\/?s={search_term_string}"},"query-input":"required name=search_term_string"}],"inLanguage":"sk-SK"},{"@type":"Organization","@id":"https:\/\/www.pluginator.dev\/sk\/#organization","name":"Pluginator","url":"https:\/\/www.pluginator.dev\/sk\/","logo":{"@type":"ImageObject","inLanguage":"sk-SK","@id":"https:\/\/www.pluginator.dev\/sk\/#\/schema\/logo\/image\/","url":"https:\/\/www.pluginator.dev\/wp-content\/uploads\/2020\/04\/Pluginator.png","contentUrl":"https:\/\/www.pluginator.dev\/wp-content\/uploads\/2020\/04\/Pluginator.png","width":1701,"height":1124,"caption":"Pluginator"},"image":{"@id":"https:\/\/www.pluginator.dev\/sk\/#\/schema\/logo\/image\/"},"sameAs":["https:\/\/www.facebook.com\/pluginator.wisdom\/"]}]}},"_links":{"self":[{"href":"https:\/\/www.pluginator.dev\/sk\/wp-json\/wp\/v2\/product\/6104"}],"collection":[{"href":"https:\/\/www.pluginator.dev\/sk\/wp-json\/wp\/v2\/product"}],"about":[{"href":"https:\/\/www.pluginator.dev\/sk\/wp-json\/wp\/v2\/types\/product"}],"replies":[{"embeddable":true,"href":"https:\/\/www.pluginator.dev\/sk\/wp-json\/wp\/v2\/comments?post=6104"}],"wp:featuredmedia":[{"embeddable":true,"href":"https:\/\/www.pluginator.dev\/sk\/wp-json\/wp\/v2\/media\/4028"}],"wp:attachment":[{"href":"https:\/\/www.pluginator.dev\/sk\/wp-json\/wp\/v2\/media?parent=6104"}],"wp:term":[{"taxonomy":"product_cat","embeddable":true,"href":"https:\/\/www.pluginator.dev\/sk\/wp-json\/wp\/v2\/product_cat?post=6104"},{"taxonomy":"product_tag","embeddable":true,"href":"https:\/\/www.pluginator.dev\/sk\/wp-json\/wp\/v2\/product_tag?post=6104"}],"curies":[{"name":"wp","href":"https:\/\/api.w.org\/{rel}","templated":true}]}}