{"id":6098,"date":"2021-06-08T11:02:36","date_gmt":"2021-06-08T09:02:36","guid":{"rendered":"https:\/\/www.pluginator.dev\/sk\/?post_type=product&#038;p=6098"},"modified":"2025-01-28T10:33:26","modified_gmt":"2025-01-28T09:33:26","slug":"vub-ecard-platobna-brana-pre-woocommerce","status":"publish","type":"product","link":"https:\/\/www.pluginator.dev\/sk\/produkt\/vub-ecard-platobna-brana-pre-woocommerce\/","title":{"rendered":"V\u00daB eCard platobn\u00e1 br\u00e1na pre WooCommerce"},"content":{"rendered":"<p>Prip\u00edsanie platieb u\u017e na<strong> druh\u00fd pracovn\u00fd de\u0148<\/strong>, maxim\u00e1lna miera ochrany va\u0161ich klientov v\u010faka <strong>3D Secure zabezpe\u010deniu<\/strong>, z\u00fa\u010dtovanie platieb vo <strong>viacer\u00fdch men\u00e1ch<\/strong> (USD, CZK, HUF, GBP, PLN, CHF) a mnoho <strong>\u010fal\u0161\u00edch v\u00fdhod<\/strong> pon\u00faka platobn\u00e1 br\u00e1na<strong> eCard<\/strong> od spolo\u010dnosti V\u00daB. Plugin je mo\u017en\u00e9 implementova\u0165 do e-shopov so syst\u00e9mom <strong>WooCommerce<\/strong>. Viac inform\u00e1ci\u00ed o platobnej br\u00e1ne V\u00daB eCard n\u00e1jdete <a href=\"https:\/\/www.vub.sk\/firmy-podnikatelia\/platby\/ecard\/\" target=\"_blank\" rel=\"noopener noreferrer\">na tomto odkaze.<\/a><\/p>\n<p>Zak\u00fapen\u00fa licenciu pluginu m\u00e1te <strong>platn\u00fa na 1 rok<\/strong>, po\u010das ktor\u00e9ho plugin dost\u00e1va pravideln\u00e9 aktualiz\u00e1cie a je ju mo\u017en\u00e9 pou\u017ei\u0165 na <strong>1 WordPress in\u0161tal\u00e1ciu<\/strong>. Pri zak\u00fapen\u00ed pluginu, m\u00e1te automaticky aktivovan\u00fa slu\u017ebu <strong>predplatn\u00e9ho &#8211; subscription<\/strong>, ktor\u00e1 po uplinut\u00ed jedn\u00e9ho roka automaticky pred\u013a\u017ei platnos\u0165 licencie o \u010fal\u0161\u00ed rok, av\u0161ak toto pred\u013a\u017eenie licencie V\u00e1s v \u010fal\u0161om roku bude st\u00e1\u0165 len <strong>polovicu<\/strong> z p\u00f4vodnej ceny.<\/p>\n<h3>Garancia spokojnosti!<\/h3>\n<p>V r\u00e1mci <strong>na\u0161ich slu\u017eieb a klientskych v\u00fdhod<\/strong> pon\u00fakame ku ka\u017ed\u00e9mu pluginu <strong>30 d\u0148ov\u00fa z\u00e1ruku vr\u00e1tenia pe\u0148az\u00ed<\/strong> v pr\u00edpade nespokojnosti s produktom. V cene pluginu je zahrnut\u00e1<strong> pravideln\u00e1 aktualiz\u00e1cia<\/strong> po dobu<strong> jedn\u00e9ho roku<\/strong>. N\u00e1sledne m\u00f4\u017eete n\u00e1\u0161 plugin <strong>na\u010falej vyu\u017e\u00edva\u0165<\/strong>, av\u0161ak u\u017e bez aktualiz\u00e1ci\u00ed.<\/p>\n","protected":false},"excerpt":{"rendered":"<p>Prip\u00edsanie platieb u\u017e na druh\u00fd pracovn\u00fd de\u0148, maxim\u00e1lna miera ochrany va\u0161ich klientov v\u010faka 3D Secure zabezpe\u010deniu, z\u00fa\u010dtovanie platieb vo viacer\u00fdch men\u00e1ch (USD, CZK, HUF, GBP, PLN, CHF) a mnoho \u010fal\u0161\u00edch v\u00fdhod pon\u00faka platobn\u00e1 br\u00e1na eCard od spolo\u010dnosti V\u00daB. Plugin je mo\u017en\u00e9 implementova\u0165 do e-shopov so syst\u00e9mom WooCommerce. Viac inform\u00e1ci\u00ed o platobnej br\u00e1ne V\u00daB eCard n\u00e1jdete [&hellip;]<\/p>\n","protected":false},"featured_media":4633,"comment_status":"open","ping_status":"closed","template":"","meta":[],"product_cat":[274],"product_tag":[],"acf":[],"yoast_head":"<!-- This site is optimized with the Yoast SEO plugin v20.2.1 - https:\/\/yoast.com\/wordpress\/plugins\/seo\/ -->\n<title>V\u00daB eCard platobn\u00e1 br\u00e1na pre WooCommerce - Pluginator<\/title>\n<meta name=\"description\" content=\"Najlep\u0161\u00ed plugin pre tvoj projekt n\u00e1jde\u0161 na Pluginatore - aj plugin V\u00daB eCard platobn\u00e1 br\u00e1na pre WooCommerce, ktor\u00fd pom\u00f4\u017ee tvojmu projektu.\" \/>\n<meta name=\"robots\" content=\"index, follow, max-snippet:-1, max-image-preview:large, max-video-preview:-1\" \/>\n<link rel=\"canonical\" href=\"https:\/\/www.pluginator.dev\/sk\/produkt\/vub-ecard-platobna-brana-pre-woocommerce\/\" \/>\n<meta property=\"og:locale\" content=\"sk_SK\" \/>\n<meta property=\"og:type\" content=\"article\" \/>\n<meta property=\"og:title\" content=\"V\u00daB eCard platobn\u00e1 br\u00e1na pre WooCommerce - Pluginator\" \/>\n<meta property=\"og:description\" content=\"Najlep\u0161\u00ed plugin pre tvoj projekt n\u00e1jde\u0161 na Pluginatore - aj plugin V\u00daB eCard platobn\u00e1 br\u00e1na pre WooCommerce, ktor\u00fd pom\u00f4\u017ee tvojmu projektu.\" \/>\n<meta property=\"og:url\" content=\"https:\/\/www.pluginator.dev\/sk\/produkt\/vub-ecard-platobna-brana-pre-woocommerce\/\" \/>\n<meta property=\"og:site_name\" content=\"Pluginator\" \/>\n<meta property=\"article:publisher\" content=\"https:\/\/www.facebook.com\/pluginator.wisdom\/\" \/>\n<meta property=\"article:modified_time\" content=\"2025-01-28T09:33:26+00:00\" \/>\n<meta property=\"og:image\" content=\"https:\/\/www.pluginator.dev\/wp-content\/uploads\/2021\/08\/e-card.jpg\" \/>\n\t<meta property=\"og:image:width\" content=\"1000\" \/>\n\t<meta property=\"og:image:height\" content=\"1000\" \/>\n\t<meta property=\"og:image:type\" content=\"image\/jpeg\" \/>\n<meta name=\"twitter:card\" content=\"summary_large_image\" \/>\n<meta name=\"twitter:label1\" content=\"Predpokladan\u00fd \u010das \u010d\u00edtania\" \/>\n\t<meta name=\"twitter:data1\" content=\"1 min\u00fata\" \/>\n<script type=\"application\/ld+json\" class=\"yoast-schema-graph\">{\"@context\":\"https:\/\/schema.org\",\"@graph\":[{\"@type\":\"WebPage\",\"@id\":\"https:\/\/www.pluginator.dev\/sk\/produkt\/vub-ecard-platobna-brana-pre-woocommerce\/\",\"url\":\"https:\/\/www.pluginator.dev\/sk\/produkt\/vub-ecard-platobna-brana-pre-woocommerce\/\",\"name\":\"V\u00daB eCard platobn\u00e1 br\u00e1na pre WooCommerce - Pluginator\",\"isPartOf\":{\"@id\":\"https:\/\/www.pluginator.dev\/sk\/#website\"},\"datePublished\":\"2021-06-08T09:02:36+00:00\",\"dateModified\":\"2025-01-28T09:33:26+00:00\",\"description\":\"Najlep\u0161\u00ed plugin pre tvoj projekt n\u00e1jde\u0161 na Pluginatore - aj plugin V\u00daB eCard platobn\u00e1 br\u00e1na pre WooCommerce, ktor\u00fd pom\u00f4\u017ee tvojmu projektu.\",\"breadcrumb\":{\"@id\":\"https:\/\/www.pluginator.dev\/sk\/produkt\/vub-ecard-platobna-brana-pre-woocommerce\/#breadcrumb\"},\"inLanguage\":\"sk-SK\",\"potentialAction\":[{\"@type\":\"ReadAction\",\"target\":[\"https:\/\/www.pluginator.dev\/sk\/produkt\/vub-ecard-platobna-brana-pre-woocommerce\/\"]}]},{\"@type\":\"BreadcrumbList\",\"@id\":\"https:\/\/www.pluginator.dev\/sk\/produkt\/vub-ecard-platobna-brana-pre-woocommerce\/#breadcrumb\",\"itemListElement\":[{\"@type\":\"ListItem\",\"position\":1,\"name\":\"Home\",\"item\":\"https:\/\/www.pluginator.dev\/sk\/\"},{\"@type\":\"ListItem\",\"position\":2,\"name\":\"Obchod\",\"item\":\"https:\/\/www.pluginator.dev\/sk\/obchod\/\"},{\"@type\":\"ListItem\",\"position\":3,\"name\":\"V\u00daB eCard platobn\u00e1 br\u00e1na pre WooCommerce\"}]},{\"@type\":\"WebSite\",\"@id\":\"https:\/\/www.pluginator.dev\/sk\/#website\",\"url\":\"https:\/\/www.pluginator.dev\/sk\/\",\"name\":\"Pluginator\",\"description\":\"Kvalitn\u00e9 pluginy od \u0161pi\u010dkov\u00fdch program\u00e1torov\",\"publisher\":{\"@id\":\"https:\/\/www.pluginator.dev\/sk\/#organization\"},\"potentialAction\":[{\"@type\":\"SearchAction\",\"target\":{\"@type\":\"EntryPoint\",\"urlTemplate\":\"https:\/\/www.pluginator.dev\/sk\/?s={search_term_string}\"},\"query-input\":\"required name=search_term_string\"}],\"inLanguage\":\"sk-SK\"},{\"@type\":\"Organization\",\"@id\":\"https:\/\/www.pluginator.dev\/sk\/#organization\",\"name\":\"Pluginator\",\"url\":\"https:\/\/www.pluginator.dev\/sk\/\",\"logo\":{\"@type\":\"ImageObject\",\"inLanguage\":\"sk-SK\",\"@id\":\"https:\/\/www.pluginator.dev\/sk\/#\/schema\/logo\/image\/\",\"url\":\"https:\/\/www.pluginator.dev\/wp-content\/uploads\/2020\/04\/Pluginator.png\",\"contentUrl\":\"https:\/\/www.pluginator.dev\/wp-content\/uploads\/2020\/04\/Pluginator.png\",\"width\":1701,\"height\":1124,\"caption\":\"Pluginator\"},\"image\":{\"@id\":\"https:\/\/www.pluginator.dev\/sk\/#\/schema\/logo\/image\/\"},\"sameAs\":[\"https:\/\/www.facebook.com\/pluginator.wisdom\/\"]}]}<\/script>\n<!-- \/ Yoast SEO plugin. -->","yoast_head_json":{"title":"V\u00daB eCard platobn\u00e1 br\u00e1na pre WooCommerce - Pluginator","description":"Najlep\u0161\u00ed plugin pre tvoj projekt n\u00e1jde\u0161 na Pluginatore - aj plugin V\u00daB eCard platobn\u00e1 br\u00e1na pre WooCommerce, ktor\u00fd pom\u00f4\u017ee tvojmu projektu.","robots":{"index":"index","follow":"follow","max-snippet":"max-snippet:-1","max-image-preview":"max-image-preview:large","max-video-preview":"max-video-preview:-1"},"canonical":"https:\/\/www.pluginator.dev\/sk\/produkt\/vub-ecard-platobna-brana-pre-woocommerce\/","og_locale":"sk_SK","og_type":"article","og_title":"V\u00daB eCard platobn\u00e1 br\u00e1na pre WooCommerce - Pluginator","og_description":"Najlep\u0161\u00ed plugin pre tvoj projekt n\u00e1jde\u0161 na Pluginatore - aj plugin V\u00daB eCard platobn\u00e1 br\u00e1na pre WooCommerce, ktor\u00fd pom\u00f4\u017ee tvojmu projektu.","og_url":"https:\/\/www.pluginator.dev\/sk\/produkt\/vub-ecard-platobna-brana-pre-woocommerce\/","og_site_name":"Pluginator","article_publisher":"https:\/\/www.facebook.com\/pluginator.wisdom\/","article_modified_time":"2025-01-28T09:33:26+00:00","og_image":[{"width":1000,"height":1000,"url":"https:\/\/www.pluginator.dev\/wp-content\/uploads\/2021\/08\/e-card.jpg","type":"image\/jpeg"}],"twitter_card":"summary_large_image","twitter_misc":{"Predpokladan\u00fd \u010das \u010d\u00edtania":"1 min\u00fata"},"schema":{"@context":"https:\/\/schema.org","@graph":[{"@type":"WebPage","@id":"https:\/\/www.pluginator.dev\/sk\/produkt\/vub-ecard-platobna-brana-pre-woocommerce\/","url":"https:\/\/www.pluginator.dev\/sk\/produkt\/vub-ecard-platobna-brana-pre-woocommerce\/","name":"V\u00daB eCard platobn\u00e1 br\u00e1na pre WooCommerce - Pluginator","isPartOf":{"@id":"https:\/\/www.pluginator.dev\/sk\/#website"},"datePublished":"2021-06-08T09:02:36+00:00","dateModified":"2025-01-28T09:33:26+00:00","description":"Najlep\u0161\u00ed plugin pre tvoj projekt n\u00e1jde\u0161 na Pluginatore - aj plugin V\u00daB eCard platobn\u00e1 br\u00e1na pre WooCommerce, ktor\u00fd pom\u00f4\u017ee tvojmu projektu.","breadcrumb":{"@id":"https:\/\/www.pluginator.dev\/sk\/produkt\/vub-ecard-platobna-brana-pre-woocommerce\/#breadcrumb"},"inLanguage":"sk-SK","potentialAction":[{"@type":"ReadAction","target":["https:\/\/www.pluginator.dev\/sk\/produkt\/vub-ecard-platobna-brana-pre-woocommerce\/"]}]},{"@type":"BreadcrumbList","@id":"https:\/\/www.pluginator.dev\/sk\/produkt\/vub-ecard-platobna-brana-pre-woocommerce\/#breadcrumb","itemListElement":[{"@type":"ListItem","position":1,"name":"Home","item":"https:\/\/www.pluginator.dev\/sk\/"},{"@type":"ListItem","position":2,"name":"Obchod","item":"https:\/\/www.pluginator.dev\/sk\/obchod\/"},{"@type":"ListItem","position":3,"name":"V\u00daB eCard platobn\u00e1 br\u00e1na pre WooCommerce"}]},{"@type":"WebSite","@id":"https:\/\/www.pluginator.dev\/sk\/#website","url":"https:\/\/www.pluginator.dev\/sk\/","name":"Pluginator","description":"Kvalitn\u00e9 pluginy od \u0161pi\u010dkov\u00fdch program\u00e1torov","publisher":{"@id":"https:\/\/www.pluginator.dev\/sk\/#organization"},"potentialAction":[{"@type":"SearchAction","target":{"@type":"EntryPoint","urlTemplate":"https:\/\/www.pluginator.dev\/sk\/?s={search_term_string}"},"query-input":"required name=search_term_string"}],"inLanguage":"sk-SK"},{"@type":"Organization","@id":"https:\/\/www.pluginator.dev\/sk\/#organization","name":"Pluginator","url":"https:\/\/www.pluginator.dev\/sk\/","logo":{"@type":"ImageObject","inLanguage":"sk-SK","@id":"https:\/\/www.pluginator.dev\/sk\/#\/schema\/logo\/image\/","url":"https:\/\/www.pluginator.dev\/wp-content\/uploads\/2020\/04\/Pluginator.png","contentUrl":"https:\/\/www.pluginator.dev\/wp-content\/uploads\/2020\/04\/Pluginator.png","width":1701,"height":1124,"caption":"Pluginator"},"image":{"@id":"https:\/\/www.pluginator.dev\/sk\/#\/schema\/logo\/image\/"},"sameAs":["https:\/\/www.facebook.com\/pluginator.wisdom\/"]}]}},"_links":{"self":[{"href":"https:\/\/www.pluginator.dev\/sk\/wp-json\/wp\/v2\/product\/6098"}],"collection":[{"href":"https:\/\/www.pluginator.dev\/sk\/wp-json\/wp\/v2\/product"}],"about":[{"href":"https:\/\/www.pluginator.dev\/sk\/wp-json\/wp\/v2\/types\/product"}],"replies":[{"embeddable":true,"href":"https:\/\/www.pluginator.dev\/sk\/wp-json\/wp\/v2\/comments?post=6098"}],"wp:featuredmedia":[{"embeddable":true,"href":"https:\/\/www.pluginator.dev\/sk\/wp-json\/wp\/v2\/media\/4633"}],"wp:attachment":[{"href":"https:\/\/www.pluginator.dev\/sk\/wp-json\/wp\/v2\/media?parent=6098"}],"wp:term":[{"taxonomy":"product_cat","embeddable":true,"href":"https:\/\/www.pluginator.dev\/sk\/wp-json\/wp\/v2\/product_cat?post=6098"},{"taxonomy":"product_tag","embeddable":true,"href":"https:\/\/www.pluginator.dev\/sk\/wp-json\/wp\/v2\/product_tag?post=6098"}],"curies":[{"name":"wp","href":"https:\/\/api.w.org\/{rel}","templated":true}]}}