{"id":6072,"date":"2020-06-02T09:07:40","date_gmt":"2020-06-02T07:07:40","guid":{"rendered":"https:\/\/www.pluginator.dev\/sk\/?post_type=product&#038;p=6072"},"modified":"2025-09-18T11:48:16","modified_gmt":"2025-09-18T09:48:16","slug":"tatrapay-platobna-brana-pre-woocommerce","status":"publish","type":"product","link":"https:\/\/www.pluginator.dev\/sk\/produkt\/tatrapay-platobna-brana-pre-woocommerce\/","title":{"rendered":"TatraPay platobn\u00e1 br\u00e1na pre WooCommerce"},"content":{"rendered":"<p><strong>Komfortn\u00fd a r\u00fdchly sp\u00f4sob platby cez internet!\u00a0<\/strong>Presne toto pon\u00faka <strong>platobn\u00e1 br\u00e1na TatraPay<\/strong>. Prij\u00edmanie platieb od z\u00e1kazn\u00edkov je sprostredkovan\u00e9 pomocou internet bankingu Tatra banky na ktorom sa zobrazuje inform\u00e1cia o vykonan\u00ed platby ihne\u010f po jej uskuto\u010dnen\u00ed. Plugin je mo\u017en\u00e9 implementova\u0165 do e-shopov so syst\u00e9mom <strong>WooCommerce<\/strong>. Viac inform\u00e1ci\u00ed k pou\u017e\u00edvaniu platobnej br\u00e1ny TatraPay n\u00e1jdete v\u00a0<strong><a href=\"https:\/\/www.tatrabanka.sk\/sk\/blog\/navody\/ako-potvrdite-platbu-cez-tatrapay\/\" target=\"_blank\" rel=\"noopener\">tomto odkaze<\/a>.<\/strong><\/p>\n<p>Zak\u00fapen\u00fa licenciu pluginu m\u00e1te <strong>platn\u00fa na 1 rok<\/strong>, po\u010das ktor\u00e9ho plugin dost\u00e1va pravideln\u00e9 aktualiz\u00e1cie a je ju mo\u017en\u00e9 pou\u017ei\u0165 na <strong>1 WordPress in\u0161tal\u00e1ciu<\/strong>. Pri zak\u00fapen\u00ed pluginu, m\u00e1te automaticky aktivovan\u00fa slu\u017ebu <strong>predplatn\u00e9ho &#8211; subscription<\/strong>, ktor\u00e1 po uplinut\u00ed jedn\u00e9ho roka automaticky pred\u013a\u017ei platnos\u0165 licencie o \u010fal\u0161\u00ed rok, av\u0161ak toto pred\u013a\u017eenie licencie V\u00e1s v \u010fal\u0161om roku bude st\u00e1\u0165 len <strong>polovicu<\/strong> z p\u00f4vodnej ceny.<\/p>\n<h3>Garancia spokojnosti!<\/h3>\n<p>V r\u00e1mci <strong>na\u0161ich slu\u017eieb a klientskych v\u00fdhod<\/strong> pon\u00fakame ku ka\u017ed\u00e9mu pluginu <strong>30 d\u0148ov\u00fa z\u00e1ruku vr\u00e1tenia pe\u0148az\u00ed<\/strong> v pr\u00edpade nespokojnosti s produktom. V cene pluginu je zahrnut\u00e1<strong> pravideln\u00e1 aktualiz\u00e1cia<\/strong> po dobu<strong> jedn\u00e9ho roku<\/strong>. N\u00e1sledne m\u00f4\u017eete n\u00e1\u0161 plugin <strong>na\u010falej vyu\u017e\u00edva\u0165<\/strong>, av\u0161ak u\u017e bez aktualiz\u00e1ci\u00ed.<\/p>\n<div>Plugin V\u00e1m bude <strong>spr\u00e1vne fungova\u0165<\/strong> aj v pr\u00edpade, \u017ee prev\u00e1dzkujete e-shop v <strong>\u010ceskej republike<\/strong>, len aktu\u00e1lne nepodporuje napojenie na EET. U\u017e na tom usilovne pracujeme a \u010doskoro vyd\u00e1me update, ktor\u00fd zabezpe\u010d\u00ed pln\u00fa kompatibilitu s EET syst\u00e9mom.<\/div>\n","protected":false},"excerpt":{"rendered":"<p>Komfortn\u00fd a r\u00fdchly sp\u00f4sob platby cez internet!\u00a0Presne toto pon\u00faka platobn\u00e1 br\u00e1na TatraPay. Prij\u00edmanie platieb od z\u00e1kazn\u00edkov je sprostredkovan\u00e9 pomocou internet bankingu Tatra banky na ktorom sa zobrazuje inform\u00e1cia o vykonan\u00ed platby ihne\u010f po jej uskuto\u010dnen\u00ed. Plugin je mo\u017en\u00e9 implementova\u0165 do e-shopov so syst\u00e9mom WooCommerce. Viac inform\u00e1ci\u00ed k pou\u017e\u00edvaniu platobnej br\u00e1ny TatraPay n\u00e1jdete v\u00a0tomto odkaze. Zak\u00fapen\u00fa [&hellip;]<\/p>\n","protected":false},"featured_media":3462,"comment_status":"open","ping_status":"closed","template":"","meta":[],"product_cat":[274],"product_tag":[],"acf":[],"yoast_head":"<!-- This site is optimized with the Yoast SEO plugin v20.2.1 - https:\/\/yoast.com\/wordpress\/plugins\/seo\/ -->\n<title>TatraPay platobn\u00e1 br\u00e1na pre WooCommerce - Pluginator<\/title>\n<meta name=\"description\" content=\"Najlep\u0161\u00ed plugin pre tvoj projekt n\u00e1jde\u0161 na Pluginatore - aj plugin TatraPay platobn\u00e1 br\u00e1na pre WooCommerce, ktor\u00fd pom\u00f4\u017ee tvojmu projektu.\" \/>\n<meta name=\"robots\" content=\"index, follow, max-snippet:-1, max-image-preview:large, max-video-preview:-1\" \/>\n<link rel=\"canonical\" href=\"https:\/\/www.pluginator.dev\/sk\/produkt\/tatrapay-platobna-brana-pre-woocommerce\/\" \/>\n<meta property=\"og:locale\" content=\"sk_SK\" \/>\n<meta property=\"og:type\" content=\"article\" \/>\n<meta property=\"og:title\" content=\"TatraPay platobn\u00e1 br\u00e1na pre WooCommerce - Pluginator\" \/>\n<meta property=\"og:description\" content=\"Najlep\u0161\u00ed plugin pre tvoj projekt n\u00e1jde\u0161 na Pluginatore - aj plugin TatraPay platobn\u00e1 br\u00e1na pre WooCommerce, ktor\u00fd pom\u00f4\u017ee tvojmu projektu.\" \/>\n<meta property=\"og:url\" content=\"https:\/\/www.pluginator.dev\/sk\/produkt\/tatrapay-platobna-brana-pre-woocommerce\/\" \/>\n<meta property=\"og:site_name\" content=\"Pluginator\" \/>\n<meta property=\"article:publisher\" content=\"https:\/\/www.facebook.com\/pluginator.wisdom\/\" \/>\n<meta property=\"article:modified_time\" content=\"2025-09-18T09:48:16+00:00\" \/>\n<meta property=\"og:image\" content=\"https:\/\/www.pluginator.dev\/wp-content\/uploads\/2020\/05\/Plugin_tatrapay-1.jpg\" \/>\n\t<meta property=\"og:image:width\" content=\"1000\" \/>\n\t<meta property=\"og:image:height\" content=\"1000\" \/>\n\t<meta property=\"og:image:type\" content=\"image\/jpeg\" \/>\n<meta name=\"twitter:card\" content=\"summary_large_image\" \/>\n<meta name=\"twitter:label1\" content=\"Predpokladan\u00fd \u010das \u010d\u00edtania\" \/>\n\t<meta name=\"twitter:data1\" content=\"2 min\u00faty\" \/>\n<script type=\"application\/ld+json\" class=\"yoast-schema-graph\">{\"@context\":\"https:\/\/schema.org\",\"@graph\":[{\"@type\":\"WebPage\",\"@id\":\"https:\/\/www.pluginator.dev\/sk\/produkt\/tatrapay-platobna-brana-pre-woocommerce\/\",\"url\":\"https:\/\/www.pluginator.dev\/sk\/produkt\/tatrapay-platobna-brana-pre-woocommerce\/\",\"name\":\"TatraPay platobn\u00e1 br\u00e1na pre WooCommerce - Pluginator\",\"isPartOf\":{\"@id\":\"https:\/\/www.pluginator.dev\/sk\/#website\"},\"datePublished\":\"2020-06-02T07:07:40+00:00\",\"dateModified\":\"2025-09-18T09:48:16+00:00\",\"description\":\"Najlep\u0161\u00ed plugin pre tvoj projekt n\u00e1jde\u0161 na Pluginatore - aj plugin TatraPay platobn\u00e1 br\u00e1na pre WooCommerce, ktor\u00fd pom\u00f4\u017ee tvojmu projektu.\",\"breadcrumb\":{\"@id\":\"https:\/\/www.pluginator.dev\/sk\/produkt\/tatrapay-platobna-brana-pre-woocommerce\/#breadcrumb\"},\"inLanguage\":\"sk-SK\",\"potentialAction\":[{\"@type\":\"ReadAction\",\"target\":[\"https:\/\/www.pluginator.dev\/sk\/produkt\/tatrapay-platobna-brana-pre-woocommerce\/\"]}]},{\"@type\":\"BreadcrumbList\",\"@id\":\"https:\/\/www.pluginator.dev\/sk\/produkt\/tatrapay-platobna-brana-pre-woocommerce\/#breadcrumb\",\"itemListElement\":[{\"@type\":\"ListItem\",\"position\":1,\"name\":\"Home\",\"item\":\"https:\/\/www.pluginator.dev\/sk\/\"},{\"@type\":\"ListItem\",\"position\":2,\"name\":\"Obchod\",\"item\":\"https:\/\/www.pluginator.dev\/sk\/obchod\/\"},{\"@type\":\"ListItem\",\"position\":3,\"name\":\"TatraPay platobn\u00e1 br\u00e1na pre WooCommerce\"}]},{\"@type\":\"WebSite\",\"@id\":\"https:\/\/www.pluginator.dev\/sk\/#website\",\"url\":\"https:\/\/www.pluginator.dev\/sk\/\",\"name\":\"Pluginator\",\"description\":\"Kvalitn\u00e9 pluginy od \u0161pi\u010dkov\u00fdch program\u00e1torov\",\"publisher\":{\"@id\":\"https:\/\/www.pluginator.dev\/sk\/#organization\"},\"potentialAction\":[{\"@type\":\"SearchAction\",\"target\":{\"@type\":\"EntryPoint\",\"urlTemplate\":\"https:\/\/www.pluginator.dev\/sk\/?s={search_term_string}\"},\"query-input\":\"required name=search_term_string\"}],\"inLanguage\":\"sk-SK\"},{\"@type\":\"Organization\",\"@id\":\"https:\/\/www.pluginator.dev\/sk\/#organization\",\"name\":\"Pluginator\",\"url\":\"https:\/\/www.pluginator.dev\/sk\/\",\"logo\":{\"@type\":\"ImageObject\",\"inLanguage\":\"sk-SK\",\"@id\":\"https:\/\/www.pluginator.dev\/sk\/#\/schema\/logo\/image\/\",\"url\":\"https:\/\/www.pluginator.dev\/wp-content\/uploads\/2020\/04\/Pluginator.png\",\"contentUrl\":\"https:\/\/www.pluginator.dev\/wp-content\/uploads\/2020\/04\/Pluginator.png\",\"width\":1701,\"height\":1124,\"caption\":\"Pluginator\"},\"image\":{\"@id\":\"https:\/\/www.pluginator.dev\/sk\/#\/schema\/logo\/image\/\"},\"sameAs\":[\"https:\/\/www.facebook.com\/pluginator.wisdom\/\"]}]}<\/script>\n<!-- \/ Yoast SEO plugin. -->","yoast_head_json":{"title":"TatraPay platobn\u00e1 br\u00e1na pre WooCommerce - Pluginator","description":"Najlep\u0161\u00ed plugin pre tvoj projekt n\u00e1jde\u0161 na Pluginatore - aj plugin TatraPay platobn\u00e1 br\u00e1na pre WooCommerce, ktor\u00fd pom\u00f4\u017ee tvojmu projektu.","robots":{"index":"index","follow":"follow","max-snippet":"max-snippet:-1","max-image-preview":"max-image-preview:large","max-video-preview":"max-video-preview:-1"},"canonical":"https:\/\/www.pluginator.dev\/sk\/produkt\/tatrapay-platobna-brana-pre-woocommerce\/","og_locale":"sk_SK","og_type":"article","og_title":"TatraPay platobn\u00e1 br\u00e1na pre WooCommerce - Pluginator","og_description":"Najlep\u0161\u00ed plugin pre tvoj projekt n\u00e1jde\u0161 na Pluginatore - aj plugin TatraPay platobn\u00e1 br\u00e1na pre WooCommerce, ktor\u00fd pom\u00f4\u017ee tvojmu projektu.","og_url":"https:\/\/www.pluginator.dev\/sk\/produkt\/tatrapay-platobna-brana-pre-woocommerce\/","og_site_name":"Pluginator","article_publisher":"https:\/\/www.facebook.com\/pluginator.wisdom\/","article_modified_time":"2025-09-18T09:48:16+00:00","og_image":[{"width":1000,"height":1000,"url":"https:\/\/www.pluginator.dev\/wp-content\/uploads\/2020\/05\/Plugin_tatrapay-1.jpg","type":"image\/jpeg"}],"twitter_card":"summary_large_image","twitter_misc":{"Predpokladan\u00fd \u010das \u010d\u00edtania":"2 min\u00faty"},"schema":{"@context":"https:\/\/schema.org","@graph":[{"@type":"WebPage","@id":"https:\/\/www.pluginator.dev\/sk\/produkt\/tatrapay-platobna-brana-pre-woocommerce\/","url":"https:\/\/www.pluginator.dev\/sk\/produkt\/tatrapay-platobna-brana-pre-woocommerce\/","name":"TatraPay platobn\u00e1 br\u00e1na pre WooCommerce - Pluginator","isPartOf":{"@id":"https:\/\/www.pluginator.dev\/sk\/#website"},"datePublished":"2020-06-02T07:07:40+00:00","dateModified":"2025-09-18T09:48:16+00:00","description":"Najlep\u0161\u00ed plugin pre tvoj projekt n\u00e1jde\u0161 na Pluginatore - aj plugin TatraPay platobn\u00e1 br\u00e1na pre WooCommerce, ktor\u00fd pom\u00f4\u017ee tvojmu projektu.","breadcrumb":{"@id":"https:\/\/www.pluginator.dev\/sk\/produkt\/tatrapay-platobna-brana-pre-woocommerce\/#breadcrumb"},"inLanguage":"sk-SK","potentialAction":[{"@type":"ReadAction","target":["https:\/\/www.pluginator.dev\/sk\/produkt\/tatrapay-platobna-brana-pre-woocommerce\/"]}]},{"@type":"BreadcrumbList","@id":"https:\/\/www.pluginator.dev\/sk\/produkt\/tatrapay-platobna-brana-pre-woocommerce\/#breadcrumb","itemListElement":[{"@type":"ListItem","position":1,"name":"Home","item":"https:\/\/www.pluginator.dev\/sk\/"},{"@type":"ListItem","position":2,"name":"Obchod","item":"https:\/\/www.pluginator.dev\/sk\/obchod\/"},{"@type":"ListItem","position":3,"name":"TatraPay platobn\u00e1 br\u00e1na pre WooCommerce"}]},{"@type":"WebSite","@id":"https:\/\/www.pluginator.dev\/sk\/#website","url":"https:\/\/www.pluginator.dev\/sk\/","name":"Pluginator","description":"Kvalitn\u00e9 pluginy od \u0161pi\u010dkov\u00fdch program\u00e1torov","publisher":{"@id":"https:\/\/www.pluginator.dev\/sk\/#organization"},"potentialAction":[{"@type":"SearchAction","target":{"@type":"EntryPoint","urlTemplate":"https:\/\/www.pluginator.dev\/sk\/?s={search_term_string}"},"query-input":"required name=search_term_string"}],"inLanguage":"sk-SK"},{"@type":"Organization","@id":"https:\/\/www.pluginator.dev\/sk\/#organization","name":"Pluginator","url":"https:\/\/www.pluginator.dev\/sk\/","logo":{"@type":"ImageObject","inLanguage":"sk-SK","@id":"https:\/\/www.pluginator.dev\/sk\/#\/schema\/logo\/image\/","url":"https:\/\/www.pluginator.dev\/wp-content\/uploads\/2020\/04\/Pluginator.png","contentUrl":"https:\/\/www.pluginator.dev\/wp-content\/uploads\/2020\/04\/Pluginator.png","width":1701,"height":1124,"caption":"Pluginator"},"image":{"@id":"https:\/\/www.pluginator.dev\/sk\/#\/schema\/logo\/image\/"},"sameAs":["https:\/\/www.facebook.com\/pluginator.wisdom\/"]}]}},"_links":{"self":[{"href":"https:\/\/www.pluginator.dev\/sk\/wp-json\/wp\/v2\/product\/6072"}],"collection":[{"href":"https:\/\/www.pluginator.dev\/sk\/wp-json\/wp\/v2\/product"}],"about":[{"href":"https:\/\/www.pluginator.dev\/sk\/wp-json\/wp\/v2\/types\/product"}],"replies":[{"embeddable":true,"href":"https:\/\/www.pluginator.dev\/sk\/wp-json\/wp\/v2\/comments?post=6072"}],"wp:featuredmedia":[{"embeddable":true,"href":"https:\/\/www.pluginator.dev\/sk\/wp-json\/wp\/v2\/media\/3462"}],"wp:attachment":[{"href":"https:\/\/www.pluginator.dev\/sk\/wp-json\/wp\/v2\/media?parent=6072"}],"wp:term":[{"taxonomy":"product_cat","embeddable":true,"href":"https:\/\/www.pluginator.dev\/sk\/wp-json\/wp\/v2\/product_cat?post=6072"},{"taxonomy":"product_tag","embeddable":true,"href":"https:\/\/www.pluginator.dev\/sk\/wp-json\/wp\/v2\/product_tag?post=6072"}],"curies":[{"name":"wp","href":"https:\/\/api.w.org\/{rel}","templated":true}]}}