{"id":3166,"date":"2020-05-26T11:18:30","date_gmt":"2020-05-26T09:18:30","guid":{"rendered":"https:\/\/www.pluginator.dev\/?page_id=3166"},"modified":"2021-07-17T23:12:45","modified_gmt":"2021-07-17T21:12:45","slug":"preco-pluginy-od-pluginator","status":"publish","type":"page","link":"https:\/\/www.pluginator.dev\/sk\/preco-pluginy-od-pluginator\/","title":{"rendered":"Pre\u010do Pluginator?"},"content":{"rendered":"<section class=\"wpb-content-wrapper\"><p>[vc_row padding_bottom=&#8220;40&#8243; z_index_custom=&#8220;0&#8243;][vc_column][vc_custom_heading text=&#8220;D\u00f4vodov pre\u010do pr\u00e1ve na\u0161e pluginy je hne\u010f nieko\u013eko&#8230;&#8220; font_container=&#8220;tag:h1|text_align:center|color:%23460082&#8243; use_theme_fonts=&#8220;yes&#8220;][\/vc_column][\/vc_row][vc_row el_class=&#8220;special-row-icons&#8220;][vc_column width=&#8220;1\/5&#8243; offset=&#8220;vc_col-xs-12&#8243;][dm_icon_box title=&#8220;Garancia spokojnosti&#8220; icon=&#8220;far fa-smile&#8220; icon_color=&#8220;#460082&#8243; title_color=&#8220;#460082&#8243; content_color=&#8220;#00001b&#8220; icon_align=&#8220;center&#8220; title_align=&#8220;center&#8220; content_align=&#8220;center&#8220; icon_gradient=&#8220;yes&#8220; icon_color_gradient_1=&#8220;#460082&#8243; icon_color_gradient_2=&#8220;#00001b&#8220;]Ku ka\u017ed\u00e9mu pluginu pon\u00fakame 30 d\u0148ov\u00fa z\u00e1ruku vr\u00e1tenia pe\u0148az\u00ed v pr\u00edpade nespokojnosti s produktom. [\/dm_icon_box][\/vc_column][vc_column width=&#8220;1\/5&#8243; offset=&#8220;vc_col-xs-12&#8243;][dm_icon_box title=&#8220;Profesionalita&#8220; icon=&#8220;far fa-building&#8220; icon_color=&#8220;#460082&#8243; title_color=&#8220;#460082&#8243; content_color=&#8220;#00001b&#8220; icon_align=&#8220;center&#8220; title_align=&#8220;center&#8220; content_align=&#8220;center&#8220; icon_gradient=&#8220;yes&#8220; icon_color_gradient_1=&#8220;#460082&#8243; icon_color_gradient_2=&#8220;#00001b&#8220;]Na\u0161e pluginy n\u00e1jdete implementovan\u00e9 v projektoch pre ve\u013ek\u00e9 medzin\u00e1rodn\u00e9 spolo\u010dnosti[\/dm_icon_box][\/vc_column][vc_column width=&#8220;1\/5&#8243; offset=&#8220;vc_col-xs-12&#8243;][dm_icon_box title=&#8220;Dokument\u00e1cia&#8220; icon=&#8220;fas fa-paste&#8220; icon_color=&#8220;#460082&#8243; title_color=&#8220;#460082&#8243; content_color=&#8220;#00001b&#8220; icon_align=&#8220;center&#8220; title_align=&#8220;center&#8220; content_align=&#8220;center&#8220; icon_gradient=&#8220;yes&#8220; icon_color_gradient_1=&#8220;#460082&#8243; icon_color_gradient_2=&#8220;#00001b&#8220;]Ka\u017ed\u00fd plugin m\u00e1 vytvoren\u00fa dokument\u00e1ciu, ktor\u00e1 v\u00e1s prevedie in\u0161tal\u00e1ciou a spr\u00e1vnym nastaven\u00edm. [\/dm_icon_box][\/vc_column][vc_column width=&#8220;1\/5&#8243; offset=&#8220;vc_col-xs-12&#8243;][dm_icon_box title=&#8220;Technick\u00e1 podpora&#8220; icon=&#8220;fas fa-headset&#8220; icon_color=&#8220;#460082&#8243; title_color=&#8220;#460082&#8243; content_color=&#8220;#00001b&#8220; icon_align=&#8220;center&#8220; title_align=&#8220;center&#8220; content_align=&#8220;center&#8220; icon_gradient=&#8220;yes&#8220; icon_color_gradient_1=&#8220;#460082&#8243; icon_color_gradient_2=&#8220;#00001b&#8220;]S k\u00fapou pluginu z\u00edskavate aj pr\u00edstup k technickej podpore v pr\u00edpade akejko\u013evek potreby alebo ot\u00e1zok.[\/dm_icon_box][\/vc_column][vc_column width=&#8220;1\/5&#8243; offset=&#8220;vc_col-xs-12&#8243;][dm_icon_box title=&#8220;Pravideln\u00e9 aktualiz\u00e1cie&#8220; icon=&#8220;far fa-clock&#8220; icon_color=&#8220;#460082&#8243; title_color=&#8220;#460082&#8243; content_color=&#8220;#00001b&#8220; icon_align=&#8220;center&#8220; title_align=&#8220;center&#8220; content_align=&#8220;center&#8220; icon_gradient=&#8220;yes&#8220; icon_color_gradient_1=&#8220;#460082&#8243; icon_color_gradient_2=&#8220;#00001b&#8220;]Na\u0161e pluginy pravidelne aktualizujeme, tak\u017ee s nami budete v\u017edy pripraven\u00fd a ni\u010d v\u00e1s neprekvap\u00ed.[\/dm_icon_box][\/vc_column][\/vc_row][vc_row padding_top=&#8220;120&#8243; padding_bottom=&#8220;90&#8243; el_class=&#8220;xtraindex service-area&#8211;heading radial&#8211;home-gradient&#8220;][vc_column][mayosis_shape unique_ud=&#8220;strokehex&#8220; shape_element=&#8220;strokehexagon&#8220; stroke=&#8220;single&#8220; stroke_color=&#8220;#5a00f0&#8243; shape_width=&#8220;150&#8243; stroked_thikness=&#8220;40&#8243; x_trans=&#8220;0&#8243; y_trans=&#8220;150&#8243; int_parallax=&#8220;perspective&#8220; element_align=&#8220;center&#8220; top_position=&#8220;-200&#8243; right_position=&#8220;750&#8243; left_position=&#8220;170&#8243;][vc_custom_heading text=&#8220;Kto stoj\u00ed za str\u00e1nkou Pluginator?&#8220; font_container=&#8220;tag:h2|text_align:center|color:%23ffffff&#8220; use_theme_fonts=&#8220;yes&#8220; css=&#8220;.vc_custom_1591182890818{margin-bottom: 40px !important;}&#8220;][vc_column_text]<\/p>\n<p style=\"text-align: center;\"><span style=\"color: #ffffff;\">Prev\u00e1dzkovate\u013eom e-shopu je program\u00e1torsk\u00e1 firma <a style=\"color: #ffffff;\" href=\"https:\/\/www.wisdomfactory.sk\/\" target=\"_blank\" rel=\"noopener noreferrer\" aria-label=\"Wisdom Factory (otvor\u00ed sa v novej karte)\">Wisdom Factory<\/a>, ktor\u00e1 zabezpe\u010duje komplexn\u00e9 slu\u017eby pre softv\u00e9rov\u00e9, webov\u00e9 a mobiln\u00e9 rie\u0161enia. Taktie\u017e poskytuje anal\u00fdzy a konzult\u00e1cie z\u00e1kazn\u00edckych po\u017eiadaviek, n\u00e1vrhy rie\u0161en\u00ed a ich fin\u00e1lnu realiz\u00e1ciu.<\/span><\/p>\n<p>[\/vc_column_text][\/vc_column][\/vc_row][vc_row][vc_column][vc_custom_heading text=&#8220;Kde s\u00fa na\u0161e pluginy vyu\u017e\u00edvan\u00e9?&#8220; font_container=&#8220;tag:h2|text_align:center|color:%23460082&#8243; use_theme_fonts=&#8220;yes&#8220;][vc_column_text]<\/p>\n<p style=\"text-align: center;\">Pluginy, ktor\u00e9 pon\u00fakame, vyu\u017e\u00edvame aj pri intern\u00fdch projektoch, tak\u017ee v\u0161etky s\u00fa overen\u00e9 a odsk\u00fa\u0161an\u00e9 v praxi. N\u00e1jdete ich implementov\u00e9 v rie\u0161eniach pre ve\u013ek\u00e9 medzin\u00e1rodn\u00e9 spolo\u010dnosti, ale aj men\u0161ie e-shopy, \u010di jednoduch\u00e9 str\u00e1nky. Pluginy taktie\u017e pravidelne aktualizujeme.<\/p>\n<p>[\/vc_column_text][client_items][client_items_item el_title=&#8220;Sygic&#8220; el_image=&#8220;2699&#8243;][client_items_item el_title=&#8220;OMV&#8220; el_image=&#8220;2700&#8243;][client_items_item el_title=&#8220;Lidl&#8220; el_image=&#8220;2701&#8243;][client_items_item el_title=&#8220;Heineken&#8220; el_image=&#8220;2702&#8243;][client_items_item el_title=&#8220;aupark&#8220; el_image=&#8220;2703&#8243;][client_items_item el_title=&#8220;daren&amp;curtis&#8220; el_image=&#8220;2710&#8243;][client_items_item el_title=&#8220;\u017elt\u00fd mel\u00f3n&#8220; el_image=&#8220;2854&#8243;][client_items_item el_title=&#8220;profi credit&#8220; el_image=&#8220;3413&#8243;][client_items_item el_title=&#8220;Max Mara&#8220; el_image=&#8220;2858&#8243;][client_items_item el_title=&#8220;Max Mara&#8220; el_image=&#8220;2545&#8243;][\/client_items][\/vc_column][\/vc_row]<\/p>\n<\/section>","protected":false},"excerpt":{"rendered":"<p>[vc_row padding_bottom=&#8220;40&#8243; z_index_custom=&#8220;0&#8243;][vc_column][vc_custom_heading text=&#8220;D\u00f4vodov pre\u010do pr\u00e1ve na\u0161e pluginy je hne\u010f nieko\u013eko&#8230;&#8220; font_container=&#8220;tag:h1|text_align:center|color:%23460082&#8243; use_theme_fonts=&#8220;yes&#8220;][\/vc_column][\/vc_row][vc_row el_class=&#8220;special-row-icons&#8220;][vc_column width=&#8220;1\/5&#8243; offset=&#8220;vc_col-xs-12&#8243;][dm_icon_box title=&#8220;Garancia spokojnosti&#8220; icon=&#8220;far fa-smile&#8220; icon_color=&#8220;#460082&#8243; title_color=&#8220;#460082&#8243; content_color=&#8220;#00001b&#8220; icon_align=&#8220;center&#8220; title_align=&#8220;center&#8220; content_align=&#8220;center&#8220; icon_gradient=&#8220;yes&#8220; icon_color_gradient_1=&#8220;#460082&#8243; icon_color_gradient_2=&#8220;#00001b&#8220;]Ku ka\u017ed\u00e9mu pluginu pon\u00fakame 30 d\u0148ov\u00fa z\u00e1ruku vr\u00e1tenia pe\u0148az\u00ed v pr\u00edpade nespokojnosti s produktom. [\/dm_icon_box][\/vc_column][vc_column width=&#8220;1\/5&#8243; offset=&#8220;vc_col-xs-12&#8243;][dm_icon_box title=&#8220;Profesionalita&#8220; icon=&#8220;far fa-building&#8220; icon_color=&#8220;#460082&#8243; title_color=&#8220;#460082&#8243; content_color=&#8220;#00001b&#8220; icon_align=&#8220;center&#8220; title_align=&#8220;center&#8220; content_align=&#8220;center&#8220; icon_gradient=&#8220;yes&#8220; [&hellip;]<\/p>\n","protected":false},"author":2,"featured_media":2568,"parent":0,"menu_order":0,"comment_status":"closed","ping_status":"closed","template":"full-width-template.php","meta":[],"acf":[],"yoast_head":"<!-- This site is optimized with the Yoast SEO plugin v20.2.1 - https:\/\/yoast.com\/wordpress\/plugins\/seo\/ -->\n<title>Pre\u010do Pluginator? - Pluginator<\/title>\n<meta name=\"description\" content=\"Najlep\u0161ie pluginy pre tvoj projekt n\u00e1jde\u0161 na Pluginator-e. Pre viac inform\u00e1ci\u00ed si pozri si aj na\u0161u str\u00e1nku Pre\u010do Pluginator?.\" \/>\n<meta name=\"robots\" content=\"index, follow, max-snippet:-1, max-image-preview:large, max-video-preview:-1\" \/>\n<link rel=\"canonical\" href=\"https:\/\/www.pluginator.dev\/sk\/preco-pluginy-od-pluginator\/\" \/>\n<meta property=\"og:locale\" content=\"sk_SK\" \/>\n<meta property=\"og:type\" content=\"article\" \/>\n<meta property=\"og:title\" content=\"Pre\u010do Pluginator? - Pluginator\" \/>\n<meta property=\"og:description\" content=\"Najlep\u0161ie pluginy pre tvoj projekt n\u00e1jde\u0161 na Pluginator-e. Pre viac inform\u00e1ci\u00ed si pozri si aj na\u0161u str\u00e1nku Pre\u010do Pluginator?.\" \/>\n<meta property=\"og:url\" content=\"https:\/\/www.pluginator.dev\/sk\/preco-pluginy-od-pluginator\/\" \/>\n<meta property=\"og:site_name\" content=\"Pluginator\" \/>\n<meta property=\"article:publisher\" content=\"https:\/\/www.facebook.com\/pluginator.wisdom\/\" \/>\n<meta property=\"article:modified_time\" content=\"2021-07-17T21:12:45+00:00\" \/>\n<meta property=\"og:image\" content=\"https:\/\/www.pluginator.dev\/wp-content\/uploads\/2020\/04\/Pluginator.png\" \/>\n\t<meta property=\"og:image:width\" content=\"1701\" \/>\n\t<meta property=\"og:image:height\" content=\"1124\" \/>\n\t<meta property=\"og:image:type\" content=\"image\/png\" \/>\n<meta name=\"twitter:card\" content=\"summary_large_image\" \/>\n<meta name=\"twitter:label1\" content=\"Predpokladan\u00fd \u010das \u010d\u00edtania\" \/>\n\t<meta name=\"twitter:data1\" content=\"2 min\u00faty\" \/>\n<script type=\"application\/ld+json\" class=\"yoast-schema-graph\">{\"@context\":\"https:\/\/schema.org\",\"@graph\":[{\"@type\":\"WebPage\",\"@id\":\"https:\/\/www.pluginator.dev\/sk\/preco-pluginy-od-pluginator\/\",\"url\":\"https:\/\/www.pluginator.dev\/sk\/preco-pluginy-od-pluginator\/\",\"name\":\"Pre\u010do Pluginator? - Pluginator\",\"isPartOf\":{\"@id\":\"https:\/\/www.pluginator.dev\/sk\/#website\"},\"datePublished\":\"2020-05-26T09:18:30+00:00\",\"dateModified\":\"2021-07-17T21:12:45+00:00\",\"description\":\"Najlep\u0161ie pluginy pre tvoj projekt n\u00e1jde\u0161 na Pluginator-e. Pre viac inform\u00e1ci\u00ed si pozri si aj na\u0161u str\u00e1nku Pre\u010do Pluginator?.\",\"breadcrumb\":{\"@id\":\"https:\/\/www.pluginator.dev\/sk\/preco-pluginy-od-pluginator\/#breadcrumb\"},\"inLanguage\":\"sk-SK\",\"potentialAction\":[{\"@type\":\"ReadAction\",\"target\":[\"https:\/\/www.pluginator.dev\/sk\/preco-pluginy-od-pluginator\/\"]}]},{\"@type\":\"BreadcrumbList\",\"@id\":\"https:\/\/www.pluginator.dev\/sk\/preco-pluginy-od-pluginator\/#breadcrumb\",\"itemListElement\":[{\"@type\":\"ListItem\",\"position\":1,\"name\":\"Home\",\"item\":\"https:\/\/www.pluginator.dev\/sk\/\"},{\"@type\":\"ListItem\",\"position\":2,\"name\":\"Pre\u010do Pluginator?\"}]},{\"@type\":\"WebSite\",\"@id\":\"https:\/\/www.pluginator.dev\/sk\/#website\",\"url\":\"https:\/\/www.pluginator.dev\/sk\/\",\"name\":\"Pluginator\",\"description\":\"Kvalitn\u00e9 pluginy od \u0161pi\u010dkov\u00fdch program\u00e1torov\",\"publisher\":{\"@id\":\"https:\/\/www.pluginator.dev\/sk\/#organization\"},\"potentialAction\":[{\"@type\":\"SearchAction\",\"target\":{\"@type\":\"EntryPoint\",\"urlTemplate\":\"https:\/\/www.pluginator.dev\/sk\/?s={search_term_string}\"},\"query-input\":\"required name=search_term_string\"}],\"inLanguage\":\"sk-SK\"},{\"@type\":\"Organization\",\"@id\":\"https:\/\/www.pluginator.dev\/sk\/#organization\",\"name\":\"Pluginator\",\"url\":\"https:\/\/www.pluginator.dev\/sk\/\",\"logo\":{\"@type\":\"ImageObject\",\"inLanguage\":\"sk-SK\",\"@id\":\"https:\/\/www.pluginator.dev\/sk\/#\/schema\/logo\/image\/\",\"url\":\"https:\/\/www.pluginator.dev\/wp-content\/uploads\/2020\/04\/Pluginator.png\",\"contentUrl\":\"https:\/\/www.pluginator.dev\/wp-content\/uploads\/2020\/04\/Pluginator.png\",\"width\":1701,\"height\":1124,\"caption\":\"Pluginator\"},\"image\":{\"@id\":\"https:\/\/www.pluginator.dev\/sk\/#\/schema\/logo\/image\/\"},\"sameAs\":[\"https:\/\/www.facebook.com\/pluginator.wisdom\/\"]}]}<\/script>\n<!-- \/ Yoast SEO plugin. -->","yoast_head_json":{"title":"Pre\u010do Pluginator? - Pluginator","description":"Najlep\u0161ie pluginy pre tvoj projekt n\u00e1jde\u0161 na Pluginator-e. Pre viac inform\u00e1ci\u00ed si pozri si aj na\u0161u str\u00e1nku Pre\u010do Pluginator?.","robots":{"index":"index","follow":"follow","max-snippet":"max-snippet:-1","max-image-preview":"max-image-preview:large","max-video-preview":"max-video-preview:-1"},"canonical":"https:\/\/www.pluginator.dev\/sk\/preco-pluginy-od-pluginator\/","og_locale":"sk_SK","og_type":"article","og_title":"Pre\u010do Pluginator? - Pluginator","og_description":"Najlep\u0161ie pluginy pre tvoj projekt n\u00e1jde\u0161 na Pluginator-e. Pre viac inform\u00e1ci\u00ed si pozri si aj na\u0161u str\u00e1nku Pre\u010do Pluginator?.","og_url":"https:\/\/www.pluginator.dev\/sk\/preco-pluginy-od-pluginator\/","og_site_name":"Pluginator","article_publisher":"https:\/\/www.facebook.com\/pluginator.wisdom\/","article_modified_time":"2021-07-17T21:12:45+00:00","og_image":[{"width":1701,"height":1124,"url":"https:\/\/www.pluginator.dev\/wp-content\/uploads\/2020\/04\/Pluginator.png","type":"image\/png"}],"twitter_card":"summary_large_image","twitter_misc":{"Predpokladan\u00fd \u010das \u010d\u00edtania":"2 min\u00faty"},"schema":{"@context":"https:\/\/schema.org","@graph":[{"@type":"WebPage","@id":"https:\/\/www.pluginator.dev\/sk\/preco-pluginy-od-pluginator\/","url":"https:\/\/www.pluginator.dev\/sk\/preco-pluginy-od-pluginator\/","name":"Pre\u010do Pluginator? - Pluginator","isPartOf":{"@id":"https:\/\/www.pluginator.dev\/sk\/#website"},"datePublished":"2020-05-26T09:18:30+00:00","dateModified":"2021-07-17T21:12:45+00:00","description":"Najlep\u0161ie pluginy pre tvoj projekt n\u00e1jde\u0161 na Pluginator-e. Pre viac inform\u00e1ci\u00ed si pozri si aj na\u0161u str\u00e1nku Pre\u010do Pluginator?.","breadcrumb":{"@id":"https:\/\/www.pluginator.dev\/sk\/preco-pluginy-od-pluginator\/#breadcrumb"},"inLanguage":"sk-SK","potentialAction":[{"@type":"ReadAction","target":["https:\/\/www.pluginator.dev\/sk\/preco-pluginy-od-pluginator\/"]}]},{"@type":"BreadcrumbList","@id":"https:\/\/www.pluginator.dev\/sk\/preco-pluginy-od-pluginator\/#breadcrumb","itemListElement":[{"@type":"ListItem","position":1,"name":"Home","item":"https:\/\/www.pluginator.dev\/sk\/"},{"@type":"ListItem","position":2,"name":"Pre\u010do Pluginator?"}]},{"@type":"WebSite","@id":"https:\/\/www.pluginator.dev\/sk\/#website","url":"https:\/\/www.pluginator.dev\/sk\/","name":"Pluginator","description":"Kvalitn\u00e9 pluginy od \u0161pi\u010dkov\u00fdch program\u00e1torov","publisher":{"@id":"https:\/\/www.pluginator.dev\/sk\/#organization"},"potentialAction":[{"@type":"SearchAction","target":{"@type":"EntryPoint","urlTemplate":"https:\/\/www.pluginator.dev\/sk\/?s={search_term_string}"},"query-input":"required name=search_term_string"}],"inLanguage":"sk-SK"},{"@type":"Organization","@id":"https:\/\/www.pluginator.dev\/sk\/#organization","name":"Pluginator","url":"https:\/\/www.pluginator.dev\/sk\/","logo":{"@type":"ImageObject","inLanguage":"sk-SK","@id":"https:\/\/www.pluginator.dev\/sk\/#\/schema\/logo\/image\/","url":"https:\/\/www.pluginator.dev\/wp-content\/uploads\/2020\/04\/Pluginator.png","contentUrl":"https:\/\/www.pluginator.dev\/wp-content\/uploads\/2020\/04\/Pluginator.png","width":1701,"height":1124,"caption":"Pluginator"},"image":{"@id":"https:\/\/www.pluginator.dev\/sk\/#\/schema\/logo\/image\/"},"sameAs":["https:\/\/www.facebook.com\/pluginator.wisdom\/"]}]}},"_links":{"self":[{"href":"https:\/\/www.pluginator.dev\/sk\/wp-json\/wp\/v2\/pages\/3166"}],"collection":[{"href":"https:\/\/www.pluginator.dev\/sk\/wp-json\/wp\/v2\/pages"}],"about":[{"href":"https:\/\/www.pluginator.dev\/sk\/wp-json\/wp\/v2\/types\/page"}],"author":[{"embeddable":true,"href":"https:\/\/www.pluginator.dev\/sk\/wp-json\/wp\/v2\/users\/2"}],"replies":[{"embeddable":true,"href":"https:\/\/www.pluginator.dev\/sk\/wp-json\/wp\/v2\/comments?post=3166"}],"version-history":[{"count":61,"href":"https:\/\/www.pluginator.dev\/sk\/wp-json\/wp\/v2\/pages\/3166\/revisions"}],"predecessor-version":[{"id":4559,"href":"https:\/\/www.pluginator.dev\/sk\/wp-json\/wp\/v2\/pages\/3166\/revisions\/4559"}],"wp:featuredmedia":[{"embeddable":true,"href":"https:\/\/www.pluginator.dev\/sk\/wp-json\/wp\/v2\/media\/2568"}],"wp:attachment":[{"href":"https:\/\/www.pluginator.dev\/sk\/wp-json\/wp\/v2\/media?parent=3166"}],"curies":[{"name":"wp","href":"https:\/\/api.w.org\/{rel}","templated":true}]}}