{"id":3,"date":"2020-04-15T16:11:48","date_gmt":"2020-04-15T14:11:48","guid":{"rendered":"https:\/\/www.pluginator.dev\/?page_id=3"},"modified":"2020-05-21T17:31:33","modified_gmt":"2020-05-21T15:31:33","slug":"podmienky-pouzivania-webovej-stranky","status":"publish","type":"page","link":"https:\/\/www.pluginator.dev\/sk\/podmienky-pouzivania-webovej-stranky\/","title":{"rendered":"Podmienky pou\u017e\u00edvania webov\u00fdch str\u00e1nok"},"content":{"rendered":"\n<h2>\u00davodn\u00e9 ustanovenia<\/h2>\n\n\n\n<p>Spolo\u010dnos\u0165 Wisdom Factory, s.r.o., s\u00eddlom: Ra\u010dianska ulica 9, Bratislava \u2013 mestsk\u00e1 \u010das\u0165 Nov\u00e9 Mesto 831 02, I\u010cO: 47 826 100 ako prev\u00e1dzkovate\u013e (\u010falej len \u201eprev\u00e1dzkovate\u013e\u201c) garantuje bezpe\u010dnos\u0165 a ochranu zveren\u00fdch osobn\u00fdch \u00fadajov v plnom s\u00falade s nariaden\u00edm Eur\u00f3pskeho parlamentu a Rady \u010d. (E\u00da) 2016\/679 o ochrane fyzick\u00fdch os\u00f4b pri sprac\u00favan\u00ed osobn\u00fdch \u00fadajov a o vo\u013enom pohybe tak\u00fdchto \u00fadajov (\u010falej len \u201eGDPR\u201c) a so z\u00e1konom \u010d. 18\/2018 Z.z. o ochrane osobn\u00fdch \u00fadajov a o zmene a doplnen\u00ed niektor\u00fdch z\u00e1konov v znen\u00ed neskor\u0161\u00edch zmien.<\/p>\n\n\n\n<h2>COOKIES<\/h2>\n\n\n\n<p>Pri pou\u017eit\u00ed webov\u00fdch str\u00e1nok pluginator.dev m\u00f4\u017ee doch\u00e1dza\u0165 k ukladaniu s\u00faborov cookies (drobn\u00fdch s\u00faborov, ktor\u00e9 zabezpe\u010duj\u00fa sledovanie aktivity u\u017e\u00edvate\u013ea na webstr\u00e1nkach) na elektronickom zariaden\u00ed, pomocou ktor\u00e9ho u\u017e\u00edvate\u013e k t\u00fdmto str\u00e1nkam pristupuje. Podmienky ukladania a sprac\u00favania cookies s\u00fa nasledovn\u00e9:<\/p>\n\n\n\n<ol><li>U\u017e\u00edvate\u013e m\u00e1 v\u017edy mo\u017enos\u0165 vyjadri\u0165 svoj s\u00fahlas alebo odmietnu\u0165 ukladanie s\u00faborov cookies, a to nastaven\u00edm svojho webov\u00e9ho prehliada\u010da \u2013 povolen\u00edm alebo naopak odmietnut\u00edm ukladania cookies.<\/li><li>V pr\u00edpade udelenia s\u00fahlasu (povolenia cookies) m\u00f4\u017eu by\u0165 na elektronickom zariaden\u00ed u\u017e\u00edvate\u013ea ukladan\u00e9:<ol><li>do\u010dasn\u00e9 s\u00fabory cookies, ktor\u00e9 sa pri vypnut\u00ed internetov\u00e9ho prehliada\u010da u\u017e\u00edvate\u013ea automaticky vyma\u017e\u00fa,<\/li><li>dlhodob\u00e9 s\u00fabory cookies, ktor\u00e9 v internetovom prehliada\u010di u\u017e\u00edvate\u013ea zost\u00e1vaj\u00fa zachovan\u00e9 aj po vypnut\u00ed zariadenia, pomocou ktor\u00e9ho u\u017e\u00edvate\u013e pristupuje k webov\u00fdm str\u00e1nkam pluginator.dev (tieto cookies m\u00f4\u017ee u\u017e\u00edvate\u013e kedyko\u013evek vymaza\u0165 a po nieko\u013ek\u00fdch t\u00fd\u017ed\u0148och alebo mesiacoch sa vyma\u017e\u00fa aj automaticky).<\/li><\/ol><\/li><li>Svoj\u00edm s\u00fahlasom u\u017e\u00edvate\u013e z\u00e1rove\u0148 povo\u013euje, aby prev\u00e1dzkovate\u013e s\u00fabory cookies vyu\u017eil na vlastn\u00e9 eviden\u010dn\u00e9 alebo \u0161tatistick\u00e9 \u00fa\u010dely, a na \u00fa\u010dely cielenej reklamy partnerov, s ktor\u00fdmi m\u00e1 uzatvoren\u00e9 osobitn\u00e9 dohody o zobrazovan\u00ed reklamy na webstr\u00e1nkach. S\u00fahlas u\u017e\u00edvate\u013ea trv\u00e1 po dobu zachovania nastaven\u00ed jeho internetov\u00e9ho prehliada\u010da. Zmenou nastaven\u00ed internetov\u00e9ho prehliada\u010da u\u017e\u00edvate\u013ea alebo z\u00e1kazom pou\u017e\u00edvania s\u00faborov cookies s\u00fahlas u\u017e\u00edvate\u013ea zanik\u00e1.<\/li><li>Prev\u00e1dzkovate\u013e nenesie zodpovednos\u0165 za ukladanie s\u00faborov cookies na internetov\u00fdch str\u00e1nkach tret\u00edch os\u00f4b, alebo vyu\u017eitie s\u00faborov cookies ulo\u017een\u00fdch na koncovom zariaden\u00ed u\u017e\u00edvate\u013ea tret\u00edmi osobami.<\/li><li>V pr\u00edpade odmietnutia s\u00fahlasu (odmietnutia cookies vo webovom prehliada\u010di) prev\u00e1dzkovate\u013e nem\u00f4\u017ee garantova\u0165 \u00fapln\u00fa funk\u010dnos\u0165 webov\u00fdch str\u00e1nok pluginator.dev, najm\u00e4 negarantuje mo\u017enos\u0165 prihl\u00e1senia do \u010dlenskej sekcie.<\/li><\/ol>\n\n\n\n<h2>ZABEZPE\u010cENIE WEBSTR\u00c1NKY<\/h2>\n\n\n\n<p>Webstr\u00e1nka pluginator.dev pou\u017e\u00edva pri akomko\u013evek pripojen\u00ed u\u017e\u00edvate\u013ea a prenose ak\u00fdchko\u013evek \u00fadajov \u0161ifrovan\u00e9 pripojenie SSL, ktor\u00e9 znemo\u017e\u0148uje pr\u00edstup tret\u00edch os\u00f4b k pren\u00e1\u0161an\u00fdm \u00fadajom po\u010das ich prenosu na internete a pozme\u0148ovanie tak\u00fdchto \u00fadajov tret\u00edmi osobami. Datab\u00e1zy prev\u00e1dzkovate\u013ea obsahuj\u00face osobn\u00e9 \u00fadaje s\u00fa chr\u00e1nen\u00e9 \u0161ifrovan\u00edm a neverejn\u00fdmi pr\u00edstupov\u00fdmi \u00fadajmi v s\u00falade s najmodernej\u0161\u00edmi technick\u00fdmi \u0161tandardmi.<\/p>\n\n\n\n<h2>KONTAKTN\u00c9 \u00daDAJE<\/h2>\n\n\n\n<p>U\u017e\u00edvate\u013e pri svojej n\u00e1v\u0161teve a \u010fal\u0161om pou\u017e\u00edvan\u00ed webov\u00fdch str\u00e1nok pluginator.dev m\u00f4\u017ee kontaktova\u0165 prev\u00e1dzkovate\u013ea a poskytn\u00fa\u0165 mu svoje osobn\u00e9 \u00fadaje na \u00fa\u010dely sp\u00e4tn\u00e9ho kontaktovania.<\/p>\n\n\n\n<ol><li>Poskytnutie osobn\u00fdch \u00fadajov je dobrovo\u013en\u00e9. Pr\u00e1vnym z\u00e1kladom sprac\u00favania \u00fadajov poskytnut\u00fdch u\u017e\u00edvate\u013eom je v takomto pr\u00edpade opr\u00e1vnen\u00fd z\u00e1ujem prev\u00e1dzkovate\u013ea kontaktova\u0165 u\u017e\u00edvate\u013ea a poskytn\u00fa\u0165 pr\u00edpadn\u00e9 odpovede alebo poradenstvo.<\/li><li>Osobn\u00e9 \u00fadaje, ktor\u00e9 m\u00f4\u017ee u\u017e\u00edvate\u013e poskytn\u00fa\u0165 prev\u00e1dzkovate\u013eovi, s\u00fa:<ol><li>meno a priezvisko [nevyhnutn\u00e9]<\/li><li>e-mailov\u00e1 adresa [nevyhnutn\u00e9]<\/li><li>telef\u00f3nne \u010d\u00edslo [nevyhnutn\u00e9]<\/li><li>spolo\u010dnos\u0165 (pracovisko\/zamestn\u00e1vate\u013e) u\u017e\u00edvate\u013ea.<\/li><\/ol><\/li><li>\u00da\u010cEL. \u00da\u010delom spracovania osobn\u00fdch \u00fadajov u\u017e\u00edvate\u013ea je sp\u00e4tn\u00e9 kontaktovanie u\u017e\u00edvate\u013ea.<\/li><li>TRVANIE SPRAC\u00daVANIA. Osobn\u00e9 \u00fadaje bud\u00fa sprac\u00favan\u00e9 iba na nevyhnutn\u00fa dobu po\u010das komunik\u00e1cie s u\u017e\u00edvate\u013eom.<\/li><li>SPR\u00c1VNOS\u0164. Dobrovo\u013en\u00fdm poskytnut\u00edm osobn\u00fdch \u00fadajov u\u017e\u00edvate\u013e prehlasuje, \u017ee poskytnut\u00e9 \u00fadaje s\u00fa spr\u00e1vne, pravdiv\u00e9 a aktu\u00e1lne.<\/li><\/ol>\n\n\n\n<h2>NEWSLETTER<\/h2>\n\n\n\n<p>U\u017e\u00edvate\u013e \u2013 dotknut\u00e1 osoba pri svojej n\u00e1v\u0161teve a \u010fal\u0161om pou\u017e\u00edvan\u00ed webov\u00fdch str\u00e1nok pluginator.dev m\u00f4\u017ee prev\u00e1dzkovate\u013eovi poskytn\u00fa\u0165 svoje osobn\u00e9 \u00fadaje. K poskytnutiu osobn\u00fdch \u00fadajov u\u017e\u00edvate\u013ea m\u00f4\u017ee d\u00f4js\u0165 pri dobrovo\u013enej registr\u00e1cii k odberu newsletteru za pomoci takej e-mailovej adresy, z ktorej mo\u017eno ur\u010di\u0165 jeho toto\u017enos\u0165, alebo pri dobrovo\u013enom vyplnen\u00ed kontaktn\u00e9ho formul\u00e1ra spojen\u00e9ho s vybran\u00fdm o obsahom webov\u00fdch str\u00e1nok.Poskytnutie osobn\u00fdch \u00fadajov je dobrovo\u013en\u00e9. Nevyhnutnou podmienkou sprac\u00favania osobn\u00fdch \u00fadajov u\u017e\u00edvate\u013ea prev\u00e1dzkovate\u013eom na \u00fa\u010del zasielania newsletteru je udelenie s\u00fahlasu u\u017e\u00edvate\u013ea so sprac\u00favan\u00edm osobn\u00fdch \u00fadajov v nevyhnutnom rozsahu a zasielan\u00edm marketingov\u00fdch spr\u00e1v, pri\u010dom tento s\u00fahlas je jedin\u00fdm pr\u00e1vnym z\u00e1kladom sprac\u00favania \u00fadajov poskytnut\u00fdch u\u017e\u00edvate\u013eom (e-mailovej adresy).<\/p>\n\n\n\n<ol><li>U\u017e\u00edvate\u013e na zabezpe\u010denie opr\u00e1vnenia prev\u00e1dzkovate\u013ea sprac\u00fava\u0165 poskytnut\u00e9 osobn\u00e9 \u00fadaje mus\u00ed vyjadri\u0165 svoj s\u00fahlas s uchov\u00e1van\u00edm a \u010fal\u0161\u00edm spracovan\u00edm z\u00edskan\u00fdch osobn\u00fdch \u00fadajov, v rozsahu nevyhnutnom pre dosiahnutie \u00fa\u010delu stanoven\u00e9ho v tomto \u010dl\u00e1nku.<\/li><li>TRVANIE S\u00daHLASU. S\u00fahlas u\u017e\u00edvate\u013ea pod\u013ea predo\u0161l\u00e9ho odseku nadob\u00fada platnos\u0165 okamihom dobrovo\u013en\u00e9ho poskytnutia s\u00fahlasu za\u0161krtnut\u00edm pr\u00edslu\u0161n\u00e9ho pol\u00ed\u010dka v online formul\u00e1ri a trv\u00e1 po dobu dvoch rokov alebo do odvolania s\u00fahlasu u\u017e\u00edvate\u013eom. Prev\u00e1dzkovate\u013e m\u00e1 pr\u00e1vo sprac\u00fava\u0165 poskytnut\u00e9 \u00fadaje po\u010das trvania s\u00fahlasu.<\/li><li>\u00da\u010cEL. \u00da\u010delom spracovania osobn\u00fdch \u00fadajov u\u017e\u00edvate\u013ea je umo\u017enenie odberu n\u00edm vy\u017eiadan\u00e9ho newsletteru (informa\u010dn\u00e9ho let\u00e1ku) zasielan\u00edm tak\u00e9ho newsletteru prev\u00e1dzkovate\u013ea na kontaktn\u00e9 adresy poskytnut\u00e9 u\u017e\u00edvate\u013eom, najm\u00e4 v elektronickej podobe.<\/li><li>SPR\u00c1VNOS\u0164. Dobrovo\u013en\u00fdm poskytnut\u00edm osobn\u00fdch \u00fadajov u\u017e\u00edvate\u013e prehlasuje, \u017ee poskytnut\u00e9 \u00fadaje s\u00fa spr\u00e1vne, pravdiv\u00e9 a aktu\u00e1lne, v opa\u010dnom pr\u00edpade zodpoved\u00e1 za pr\u00edpadn\u00fa \u0161kodu, ktor\u00fa uveden\u00edm nespr\u00e1vnych, nepravdiv\u00fdch alebo neaktu\u00e1lnych \u00fadajov m\u00f4\u017ee prev\u00e1dzkovate\u013eovi sp\u00f4sobi\u0165. U\u017e\u00edvate\u013e je povinn\u00fd nahl\u00e1si\u0165 prev\u00e1dzkovate\u013eovi ak\u00fako\u013evek zmenu svojich poskytnut\u00fdch osobn\u00fdch \u00fadajov.<\/li><li>PRENOS \u00daDAJOV A AUTOMATIZOVAN\u00c9 ROZHODOVANIE. Osobn\u00e9 \u00fadaje u\u017e\u00edvate\u013ea nebud\u00fa zverejnen\u00e9 ani poskytnut\u00e9 tret\u00edm osob\u00e1m, nebud\u00fa pren\u00e1\u0161an\u00e9 do kraj\u00edn mimo Eur\u00f3pskej \u00fanie, ani na z\u00e1klade nich prev\u00e1dzkovate\u013e nebude automatizovan\u00fdm sp\u00f4sobom prij\u00edma\u0165 rozhodnutia d\u00f4le\u017eit\u00e9 pre u\u017e\u00edvate\u013ea.<\/li><\/ol>\n\n\n\n<h2>POU\u010cENIE O PR\u00c1VACH DOTKNUTEJ OSOBY<\/h2>\n\n\n\n<p>Pr\u00e1va u\u017e\u00edvate\u013ea v s\u00favislosti s ochranou osobn\u00fdch \u00fadajov upravuj\u00fa najm\u00e4 ustanovenia \u010dl\u00e1nkov 12 a\u017e 22 GDPR, v znen\u00ed neskor\u0161\u00edch zmien. Ako u\u017e\u00edvate\u013e m\u00e1te najm\u00e4 pr\u00e1vo na z\u00e1klade p\u00edsomnej alebo e-mailovej \u017eiadosti adresovanej prev\u00e1dzkovate\u013eovi (e-mail: info@pluginator.dev) po\u017eadova\u0165:<\/p>\n\n\n\n<ol><li>potvrdenie, \u010di s\u00fa alebo nie s\u00fa osobn\u00e9 \u00fadaje o V\u00e1s sprac\u00favan\u00e9, pr\u00edstup k Va\u0161im osobn\u00fdm \u00fadajom a inform\u00e1ci\u00e1m o nich, ako aj opravu t\u00fdchto \u00fadajov,<\/li><li>obmedzenie sprac\u00favania Va\u0161ich osobn\u00fdch \u00fadajov, najm\u00e4 ak s\u00fa nespr\u00e1vne,<\/li><li>vymazanie Va\u0161ich osobn\u00fdch \u00fadajov, najm\u00e4 ak pominul \u00fa\u010del ich sprac\u00favania alebo ste odvolali s\u00fahlas so sprac\u00favan\u00edm,<\/li><li>prenesenie Va\u0161ich osobn\u00fdch \u00fadajov in\u00e9mu prev\u00e1dzkovate\u013eovi v \u0161trukturovanej a strojovo \u010ditate\u013enej podobe.<\/li><\/ol>\n\n\n\n<p>Rovnako m\u00e1te pr\u00e1vo p\u00edsomn\u00fdm ozn\u00e1men\u00edm alebo e-mailom (na adresu info@pluginator.dev):<\/p>\n\n\n\n<ol><li>kedyko\u013evek odvola\u0165 V\u00e1\u0161 s\u00fahlas so sprac\u00favan\u00edm osobn\u00fdch \u00fadajov, s \u00fa\u010dinnos\u0165ou odo d\u0148a doru\u010denia ozn\u00e1menia, ak sa sprac\u00favanie osobn\u00fdch \u00fadajov vykon\u00e1va na z\u00e1klade s\u00fahlasu, pri\u010dom z\u00e1konnos\u0165 sprac\u00favania pred doru\u010den\u00edm ozn\u00e1menia o odvolan\u00ed s\u00fahlasu bude zachovan\u00e1,<\/li><li>ak sa sprac\u00favanie osobn\u00fdch \u00fadajov nevykon\u00e1va na z\u00e1klade V\u00e1\u0161ho s\u00fahlasu, namieta\u0165 proti sprac\u00favaniu z d\u00f4vodov t\u00fdkaj\u00facich sa Va\u0161ej osobnej situ\u00e1cie alebo ak m\u00e1te podozrenie, \u017ee sa \u00fadaje sprac\u00favaj\u00fa nez\u00e1konne.<\/li><\/ol>\n\n\n\n<p>M\u00e1te tie\u017e pr\u00e1vo poda\u0165 \u00daradu na ochranu osobn\u00fdch \u00fadajov, ako dozorn\u00e9mu org\u00e1nu pre Slovensk\u00fa republiku, s\u0165a\u017enos\u0165 alebo podnet na pre\u0161etrenie sprac\u00favania Va\u0161ich osobn\u00fdch \u00fadajov.<\/p>\n\n\n\n<p>Pr\u00e1va u\u017e\u00edvate\u013ea a\/alebo \u010dlena m\u00f4\u017eu by\u0165 obmedzen\u00e9, ak tak\u00e9to obmedzenie vypl\u00fdva z osobitn\u00e9ho predpisu, ich uplatnen\u00edm by bola poru\u0161en\u00e1 ochrana u\u017e\u00edvate\u013ea alebo by boli poru\u0161en\u00e9 pr\u00e1va a slobody in\u00fdch dotknut\u00fdch os\u00f4b.<\/p>\n\n\n\n<p><\/p>\n","protected":false},"excerpt":{"rendered":"<p>\u00davodn\u00e9 ustanovenia Spolo\u010dnos\u0165 Wisdom Factory, s.r.o., s\u00eddlom: Ra\u010dianska ulica 9, Bratislava \u2013 mestsk\u00e1 \u010das\u0165 Nov\u00e9 Mesto 831 02, I\u010cO: 47 826 100 ako prev\u00e1dzkovate\u013e (\u010falej len \u201eprev\u00e1dzkovate\u013e\u201c) garantuje bezpe\u010dnos\u0165 a ochranu zveren\u00fdch osobn\u00fdch \u00fadajov v plnom s\u00falade s nariaden\u00edm Eur\u00f3pskeho parlamentu a Rady \u010d. (E\u00da) 2016\/679 o ochrane fyzick\u00fdch os\u00f4b pri sprac\u00favan\u00ed osobn\u00fdch \u00fadajov a [&hellip;]<\/p>\n","protected":false},"author":1,"featured_media":0,"parent":0,"menu_order":0,"comment_status":"closed","ping_status":"open","template":"","meta":[],"acf":[],"yoast_head":"<!-- This site is optimized with the Yoast SEO plugin v20.2.1 - https:\/\/yoast.com\/wordpress\/plugins\/seo\/ -->\n<title>Podmienky pou\u017e\u00edvania webov\u00fdch str\u00e1nok - Pluginator<\/title>\n<meta name=\"description\" content=\"Najlep\u0161ie pluginy pre tvoj projekt n\u00e1jde\u0161 na Pluginator-e. Pre viac inform\u00e1ci\u00ed si pozri si aj na\u0161u str\u00e1nku Podmienky pou\u017e\u00edvania webov\u00fdch str\u00e1nok.\" \/>\n<meta name=\"robots\" content=\"index, follow, max-snippet:-1, max-image-preview:large, max-video-preview:-1\" \/>\n<link rel=\"canonical\" href=\"https:\/\/www.pluginator.dev\/sk\/podmienky-pouzivania-webovej-stranky\/\" \/>\n<meta property=\"og:locale\" content=\"sk_SK\" \/>\n<meta property=\"og:type\" content=\"article\" \/>\n<meta property=\"og:title\" content=\"Podmienky pou\u017e\u00edvania webov\u00fdch str\u00e1nok - Pluginator\" \/>\n<meta property=\"og:description\" content=\"Najlep\u0161ie pluginy pre tvoj projekt n\u00e1jde\u0161 na Pluginator-e. Pre viac inform\u00e1ci\u00ed si pozri si aj na\u0161u str\u00e1nku Podmienky pou\u017e\u00edvania webov\u00fdch str\u00e1nok.\" \/>\n<meta property=\"og:url\" content=\"https:\/\/www.pluginator.dev\/sk\/podmienky-pouzivania-webovej-stranky\/\" \/>\n<meta property=\"og:site_name\" content=\"Pluginator\" \/>\n<meta property=\"article:publisher\" content=\"https:\/\/www.facebook.com\/pluginator.wisdom\/\" \/>\n<meta property=\"article:modified_time\" content=\"2020-05-21T15:31:33+00:00\" \/>\n<meta property=\"og:image\" content=\"https:\/\/www.pluginator.dev\/wp-content\/uploads\/2020\/04\/Pluginator.png\" \/>\n\t<meta property=\"og:image:width\" content=\"1701\" \/>\n\t<meta property=\"og:image:height\" content=\"1124\" \/>\n\t<meta property=\"og:image:type\" content=\"image\/png\" \/>\n<meta name=\"twitter:card\" content=\"summary_large_image\" \/>\n<meta name=\"twitter:label1\" content=\"Predpokladan\u00fd \u010das \u010d\u00edtania\" \/>\n\t<meta name=\"twitter:data1\" content=\"7 min\u00fat\" \/>\n<script type=\"application\/ld+json\" class=\"yoast-schema-graph\">{\"@context\":\"https:\/\/schema.org\",\"@graph\":[{\"@type\":\"WebPage\",\"@id\":\"https:\/\/www.pluginator.dev\/sk\/podmienky-pouzivania-webovej-stranky\/\",\"url\":\"https:\/\/www.pluginator.dev\/sk\/podmienky-pouzivania-webovej-stranky\/\",\"name\":\"Podmienky pou\u017e\u00edvania webov\u00fdch str\u00e1nok - Pluginator\",\"isPartOf\":{\"@id\":\"https:\/\/www.pluginator.dev\/sk\/#website\"},\"datePublished\":\"2020-04-15T14:11:48+00:00\",\"dateModified\":\"2020-05-21T15:31:33+00:00\",\"description\":\"Najlep\u0161ie pluginy pre tvoj projekt n\u00e1jde\u0161 na Pluginator-e. Pre viac inform\u00e1ci\u00ed si pozri si aj na\u0161u str\u00e1nku Podmienky pou\u017e\u00edvania webov\u00fdch str\u00e1nok.\",\"breadcrumb\":{\"@id\":\"https:\/\/www.pluginator.dev\/sk\/podmienky-pouzivania-webovej-stranky\/#breadcrumb\"},\"inLanguage\":\"sk-SK\",\"potentialAction\":[{\"@type\":\"ReadAction\",\"target\":[\"https:\/\/www.pluginator.dev\/sk\/podmienky-pouzivania-webovej-stranky\/\"]}]},{\"@type\":\"BreadcrumbList\",\"@id\":\"https:\/\/www.pluginator.dev\/sk\/podmienky-pouzivania-webovej-stranky\/#breadcrumb\",\"itemListElement\":[{\"@type\":\"ListItem\",\"position\":1,\"name\":\"Home\",\"item\":\"https:\/\/www.pluginator.dev\/sk\/\"},{\"@type\":\"ListItem\",\"position\":2,\"name\":\"Podmienky pou\u017e\u00edvania webov\u00fdch str\u00e1nok\"}]},{\"@type\":\"WebSite\",\"@id\":\"https:\/\/www.pluginator.dev\/sk\/#website\",\"url\":\"https:\/\/www.pluginator.dev\/sk\/\",\"name\":\"Pluginator\",\"description\":\"Kvalitn\u00e9 pluginy od \u0161pi\u010dkov\u00fdch program\u00e1torov\",\"publisher\":{\"@id\":\"https:\/\/www.pluginator.dev\/sk\/#organization\"},\"potentialAction\":[{\"@type\":\"SearchAction\",\"target\":{\"@type\":\"EntryPoint\",\"urlTemplate\":\"https:\/\/www.pluginator.dev\/sk\/?s={search_term_string}\"},\"query-input\":\"required name=search_term_string\"}],\"inLanguage\":\"sk-SK\"},{\"@type\":\"Organization\",\"@id\":\"https:\/\/www.pluginator.dev\/sk\/#organization\",\"name\":\"Pluginator\",\"url\":\"https:\/\/www.pluginator.dev\/sk\/\",\"logo\":{\"@type\":\"ImageObject\",\"inLanguage\":\"sk-SK\",\"@id\":\"https:\/\/www.pluginator.dev\/sk\/#\/schema\/logo\/image\/\",\"url\":\"https:\/\/www.pluginator.dev\/wp-content\/uploads\/2020\/04\/Pluginator.png\",\"contentUrl\":\"https:\/\/www.pluginator.dev\/wp-content\/uploads\/2020\/04\/Pluginator.png\",\"width\":1701,\"height\":1124,\"caption\":\"Pluginator\"},\"image\":{\"@id\":\"https:\/\/www.pluginator.dev\/sk\/#\/schema\/logo\/image\/\"},\"sameAs\":[\"https:\/\/www.facebook.com\/pluginator.wisdom\/\"]}]}<\/script>\n<!-- \/ Yoast SEO plugin. -->","yoast_head_json":{"title":"Podmienky pou\u017e\u00edvania webov\u00fdch str\u00e1nok - Pluginator","description":"Najlep\u0161ie pluginy pre tvoj projekt n\u00e1jde\u0161 na Pluginator-e. Pre viac inform\u00e1ci\u00ed si pozri si aj na\u0161u str\u00e1nku Podmienky pou\u017e\u00edvania webov\u00fdch str\u00e1nok.","robots":{"index":"index","follow":"follow","max-snippet":"max-snippet:-1","max-image-preview":"max-image-preview:large","max-video-preview":"max-video-preview:-1"},"canonical":"https:\/\/www.pluginator.dev\/sk\/podmienky-pouzivania-webovej-stranky\/","og_locale":"sk_SK","og_type":"article","og_title":"Podmienky pou\u017e\u00edvania webov\u00fdch str\u00e1nok - Pluginator","og_description":"Najlep\u0161ie pluginy pre tvoj projekt n\u00e1jde\u0161 na Pluginator-e. Pre viac inform\u00e1ci\u00ed si pozri si aj na\u0161u str\u00e1nku Podmienky pou\u017e\u00edvania webov\u00fdch str\u00e1nok.","og_url":"https:\/\/www.pluginator.dev\/sk\/podmienky-pouzivania-webovej-stranky\/","og_site_name":"Pluginator","article_publisher":"https:\/\/www.facebook.com\/pluginator.wisdom\/","article_modified_time":"2020-05-21T15:31:33+00:00","og_image":[{"width":1701,"height":1124,"url":"https:\/\/www.pluginator.dev\/wp-content\/uploads\/2020\/04\/Pluginator.png","type":"image\/png"}],"twitter_card":"summary_large_image","twitter_misc":{"Predpokladan\u00fd \u010das \u010d\u00edtania":"7 min\u00fat"},"schema":{"@context":"https:\/\/schema.org","@graph":[{"@type":"WebPage","@id":"https:\/\/www.pluginator.dev\/sk\/podmienky-pouzivania-webovej-stranky\/","url":"https:\/\/www.pluginator.dev\/sk\/podmienky-pouzivania-webovej-stranky\/","name":"Podmienky pou\u017e\u00edvania webov\u00fdch str\u00e1nok - Pluginator","isPartOf":{"@id":"https:\/\/www.pluginator.dev\/sk\/#website"},"datePublished":"2020-04-15T14:11:48+00:00","dateModified":"2020-05-21T15:31:33+00:00","description":"Najlep\u0161ie pluginy pre tvoj projekt n\u00e1jde\u0161 na Pluginator-e. Pre viac inform\u00e1ci\u00ed si pozri si aj na\u0161u str\u00e1nku Podmienky pou\u017e\u00edvania webov\u00fdch str\u00e1nok.","breadcrumb":{"@id":"https:\/\/www.pluginator.dev\/sk\/podmienky-pouzivania-webovej-stranky\/#breadcrumb"},"inLanguage":"sk-SK","potentialAction":[{"@type":"ReadAction","target":["https:\/\/www.pluginator.dev\/sk\/podmienky-pouzivania-webovej-stranky\/"]}]},{"@type":"BreadcrumbList","@id":"https:\/\/www.pluginator.dev\/sk\/podmienky-pouzivania-webovej-stranky\/#breadcrumb","itemListElement":[{"@type":"ListItem","position":1,"name":"Home","item":"https:\/\/www.pluginator.dev\/sk\/"},{"@type":"ListItem","position":2,"name":"Podmienky pou\u017e\u00edvania webov\u00fdch str\u00e1nok"}]},{"@type":"WebSite","@id":"https:\/\/www.pluginator.dev\/sk\/#website","url":"https:\/\/www.pluginator.dev\/sk\/","name":"Pluginator","description":"Kvalitn\u00e9 pluginy od \u0161pi\u010dkov\u00fdch program\u00e1torov","publisher":{"@id":"https:\/\/www.pluginator.dev\/sk\/#organization"},"potentialAction":[{"@type":"SearchAction","target":{"@type":"EntryPoint","urlTemplate":"https:\/\/www.pluginator.dev\/sk\/?s={search_term_string}"},"query-input":"required name=search_term_string"}],"inLanguage":"sk-SK"},{"@type":"Organization","@id":"https:\/\/www.pluginator.dev\/sk\/#organization","name":"Pluginator","url":"https:\/\/www.pluginator.dev\/sk\/","logo":{"@type":"ImageObject","inLanguage":"sk-SK","@id":"https:\/\/www.pluginator.dev\/sk\/#\/schema\/logo\/image\/","url":"https:\/\/www.pluginator.dev\/wp-content\/uploads\/2020\/04\/Pluginator.png","contentUrl":"https:\/\/www.pluginator.dev\/wp-content\/uploads\/2020\/04\/Pluginator.png","width":1701,"height":1124,"caption":"Pluginator"},"image":{"@id":"https:\/\/www.pluginator.dev\/sk\/#\/schema\/logo\/image\/"},"sameAs":["https:\/\/www.facebook.com\/pluginator.wisdom\/"]}]}},"_links":{"self":[{"href":"https:\/\/www.pluginator.dev\/sk\/wp-json\/wp\/v2\/pages\/3"}],"collection":[{"href":"https:\/\/www.pluginator.dev\/sk\/wp-json\/wp\/v2\/pages"}],"about":[{"href":"https:\/\/www.pluginator.dev\/sk\/wp-json\/wp\/v2\/types\/page"}],"author":[{"embeddable":true,"href":"https:\/\/www.pluginator.dev\/sk\/wp-json\/wp\/v2\/users\/1"}],"replies":[{"embeddable":true,"href":"https:\/\/www.pluginator.dev\/sk\/wp-json\/wp\/v2\/comments?post=3"}],"version-history":[{"count":2,"href":"https:\/\/www.pluginator.dev\/sk\/wp-json\/wp\/v2\/pages\/3\/revisions"}],"predecessor-version":[{"id":2917,"href":"https:\/\/www.pluginator.dev\/sk\/wp-json\/wp\/v2\/pages\/3\/revisions\/2917"}],"wp:attachment":[{"href":"https:\/\/www.pluginator.dev\/sk\/wp-json\/wp\/v2\/media?parent=3"}],"curies":[{"name":"wp","href":"https:\/\/api.w.org\/{rel}","templated":true}]}}