{"id":2962,"date":"2020-04-30T09:51:54","date_gmt":"2020-04-30T07:51:54","guid":{"rendered":"https:\/\/www.pluginator.dev\/kosik\/"},"modified":"2020-05-31T13:18:14","modified_gmt":"2020-05-31T11:18:14","slug":"kosik","status":"publish","type":"page","link":"https:\/\/www.pluginator.dev\/sk\/kosik\/","title":{"rendered":"Ko\u0161\u00edk"},"content":{"rendered":"\n","protected":false},"excerpt":{"rendered":"","protected":false},"author":1,"featured_media":0,"parent":0,"menu_order":0,"comment_status":"closed","ping_status":"closed","template":"","meta":[],"acf":[],"yoast_head":"<!-- This site is optimized with the Yoast SEO plugin v20.2.1 - https:\/\/yoast.com\/wordpress\/plugins\/seo\/ -->\n<title>Ko\u0161\u00edk - Pluginator<\/title>\n<meta name=\"description\" content=\"Najlep\u0161ie pluginy pre tvoj projekt n\u00e1jde\u0161 na Pluginator-e. Pre viac inform\u00e1ci\u00ed si pozri si aj na\u0161u str\u00e1nku Ko\u0161\u00edk.\" \/>\n<meta name=\"robots\" content=\"noindex, follow\" \/>\n<meta property=\"og:locale\" content=\"sk_SK\" \/>\n<meta property=\"og:type\" content=\"article\" \/>\n<meta property=\"og:title\" content=\"Ko\u0161\u00edk - Pluginator\" \/>\n<meta property=\"og:description\" content=\"Najlep\u0161ie pluginy pre tvoj projekt n\u00e1jde\u0161 na Pluginator-e. Pre viac inform\u00e1ci\u00ed si pozri si aj na\u0161u str\u00e1nku Ko\u0161\u00edk.\" \/>\n<meta property=\"og:url\" content=\"https:\/\/www.pluginator.dev\/sk\/kosik\/\" \/>\n<meta property=\"og:site_name\" content=\"Pluginator\" \/>\n<meta property=\"article:publisher\" content=\"https:\/\/www.facebook.com\/pluginator.wisdom\/\" \/>\n<meta property=\"article:modified_time\" content=\"2020-05-31T11:18:14+00:00\" \/>\n<meta property=\"og:image\" content=\"https:\/\/www.pluginator.dev\/wp-content\/uploads\/2020\/04\/Pluginator.png\" \/>\n\t<meta property=\"og:image:width\" content=\"1701\" \/>\n\t<meta property=\"og:image:height\" content=\"1124\" \/>\n\t<meta property=\"og:image:type\" content=\"image\/png\" \/>\n<meta name=\"twitter:card\" content=\"summary_large_image\" \/>\n<script type=\"application\/ld+json\" class=\"yoast-schema-graph\">{\"@context\":\"https:\/\/schema.org\",\"@graph\":[{\"@type\":\"WebPage\",\"@id\":\"https:\/\/www.pluginator.dev\/sk\/kosik\/\",\"url\":\"https:\/\/www.pluginator.dev\/sk\/kosik\/\",\"name\":\"Ko\u0161\u00edk - Pluginator\",\"isPartOf\":{\"@id\":\"https:\/\/www.pluginator.dev\/sk\/#website\"},\"datePublished\":\"2020-04-30T07:51:54+00:00\",\"dateModified\":\"2020-05-31T11:18:14+00:00\",\"description\":\"Najlep\u0161ie pluginy pre tvoj projekt n\u00e1jde\u0161 na Pluginator-e. Pre viac inform\u00e1ci\u00ed si pozri si aj na\u0161u str\u00e1nku Ko\u0161\u00edk.\",\"breadcrumb\":{\"@id\":\"https:\/\/www.pluginator.dev\/sk\/kosik\/#breadcrumb\"},\"inLanguage\":\"sk-SK\",\"potentialAction\":[{\"@type\":\"ReadAction\",\"target\":[\"https:\/\/www.pluginator.dev\/sk\/kosik\/\"]}]},{\"@type\":\"BreadcrumbList\",\"@id\":\"https:\/\/www.pluginator.dev\/sk\/kosik\/#breadcrumb\",\"itemListElement\":[{\"@type\":\"ListItem\",\"position\":1,\"name\":\"Home\",\"item\":\"https:\/\/www.pluginator.dev\/sk\/\"},{\"@type\":\"ListItem\",\"position\":2,\"name\":\"Ko\u0161\u00edk\"}]},{\"@type\":\"WebSite\",\"@id\":\"https:\/\/www.pluginator.dev\/sk\/#website\",\"url\":\"https:\/\/www.pluginator.dev\/sk\/\",\"name\":\"Pluginator\",\"description\":\"Kvalitn\u00e9 pluginy od \u0161pi\u010dkov\u00fdch program\u00e1torov\",\"publisher\":{\"@id\":\"https:\/\/www.pluginator.dev\/sk\/#organization\"},\"potentialAction\":[{\"@type\":\"SearchAction\",\"target\":{\"@type\":\"EntryPoint\",\"urlTemplate\":\"https:\/\/www.pluginator.dev\/sk\/?s={search_term_string}\"},\"query-input\":\"required name=search_term_string\"}],\"inLanguage\":\"sk-SK\"},{\"@type\":\"Organization\",\"@id\":\"https:\/\/www.pluginator.dev\/sk\/#organization\",\"name\":\"Pluginator\",\"url\":\"https:\/\/www.pluginator.dev\/sk\/\",\"logo\":{\"@type\":\"ImageObject\",\"inLanguage\":\"sk-SK\",\"@id\":\"https:\/\/www.pluginator.dev\/sk\/#\/schema\/logo\/image\/\",\"url\":\"https:\/\/www.pluginator.dev\/wp-content\/uploads\/2020\/04\/Pluginator.png\",\"contentUrl\":\"https:\/\/www.pluginator.dev\/wp-content\/uploads\/2020\/04\/Pluginator.png\",\"width\":1701,\"height\":1124,\"caption\":\"Pluginator\"},\"image\":{\"@id\":\"https:\/\/www.pluginator.dev\/sk\/#\/schema\/logo\/image\/\"},\"sameAs\":[\"https:\/\/www.facebook.com\/pluginator.wisdom\/\"]}]}<\/script>\n<!-- \/ Yoast SEO plugin. -->","yoast_head_json":{"title":"Ko\u0161\u00edk - Pluginator","description":"Najlep\u0161ie pluginy pre tvoj projekt n\u00e1jde\u0161 na Pluginator-e. Pre viac inform\u00e1ci\u00ed si pozri si aj na\u0161u str\u00e1nku Ko\u0161\u00edk.","robots":{"index":"noindex","follow":"follow"},"og_locale":"sk_SK","og_type":"article","og_title":"Ko\u0161\u00edk - Pluginator","og_description":"Najlep\u0161ie pluginy pre tvoj projekt n\u00e1jde\u0161 na Pluginator-e. Pre viac inform\u00e1ci\u00ed si pozri si aj na\u0161u str\u00e1nku Ko\u0161\u00edk.","og_url":"https:\/\/www.pluginator.dev\/sk\/kosik\/","og_site_name":"Pluginator","article_publisher":"https:\/\/www.facebook.com\/pluginator.wisdom\/","article_modified_time":"2020-05-31T11:18:14+00:00","og_image":[{"width":1701,"height":1124,"url":"https:\/\/www.pluginator.dev\/wp-content\/uploads\/2020\/04\/Pluginator.png","type":"image\/png"}],"twitter_card":"summary_large_image","schema":{"@context":"https:\/\/schema.org","@graph":[{"@type":"WebPage","@id":"https:\/\/www.pluginator.dev\/sk\/kosik\/","url":"https:\/\/www.pluginator.dev\/sk\/kosik\/","name":"Ko\u0161\u00edk - Pluginator","isPartOf":{"@id":"https:\/\/www.pluginator.dev\/sk\/#website"},"datePublished":"2020-04-30T07:51:54+00:00","dateModified":"2020-05-31T11:18:14+00:00","description":"Najlep\u0161ie pluginy pre tvoj projekt n\u00e1jde\u0161 na Pluginator-e. Pre viac inform\u00e1ci\u00ed si pozri si aj na\u0161u str\u00e1nku Ko\u0161\u00edk.","breadcrumb":{"@id":"https:\/\/www.pluginator.dev\/sk\/kosik\/#breadcrumb"},"inLanguage":"sk-SK","potentialAction":[{"@type":"ReadAction","target":["https:\/\/www.pluginator.dev\/sk\/kosik\/"]}]},{"@type":"BreadcrumbList","@id":"https:\/\/www.pluginator.dev\/sk\/kosik\/#breadcrumb","itemListElement":[{"@type":"ListItem","position":1,"name":"Home","item":"https:\/\/www.pluginator.dev\/sk\/"},{"@type":"ListItem","position":2,"name":"Ko\u0161\u00edk"}]},{"@type":"WebSite","@id":"https:\/\/www.pluginator.dev\/sk\/#website","url":"https:\/\/www.pluginator.dev\/sk\/","name":"Pluginator","description":"Kvalitn\u00e9 pluginy od \u0161pi\u010dkov\u00fdch program\u00e1torov","publisher":{"@id":"https:\/\/www.pluginator.dev\/sk\/#organization"},"potentialAction":[{"@type":"SearchAction","target":{"@type":"EntryPoint","urlTemplate":"https:\/\/www.pluginator.dev\/sk\/?s={search_term_string}"},"query-input":"required name=search_term_string"}],"inLanguage":"sk-SK"},{"@type":"Organization","@id":"https:\/\/www.pluginator.dev\/sk\/#organization","name":"Pluginator","url":"https:\/\/www.pluginator.dev\/sk\/","logo":{"@type":"ImageObject","inLanguage":"sk-SK","@id":"https:\/\/www.pluginator.dev\/sk\/#\/schema\/logo\/image\/","url":"https:\/\/www.pluginator.dev\/wp-content\/uploads\/2020\/04\/Pluginator.png","contentUrl":"https:\/\/www.pluginator.dev\/wp-content\/uploads\/2020\/04\/Pluginator.png","width":1701,"height":1124,"caption":"Pluginator"},"image":{"@id":"https:\/\/www.pluginator.dev\/sk\/#\/schema\/logo\/image\/"},"sameAs":["https:\/\/www.facebook.com\/pluginator.wisdom\/"]}]}},"_links":{"self":[{"href":"https:\/\/www.pluginator.dev\/sk\/wp-json\/wp\/v2\/pages\/2962"}],"collection":[{"href":"https:\/\/www.pluginator.dev\/sk\/wp-json\/wp\/v2\/pages"}],"about":[{"href":"https:\/\/www.pluginator.dev\/sk\/wp-json\/wp\/v2\/types\/page"}],"author":[{"embeddable":true,"href":"https:\/\/www.pluginator.dev\/sk\/wp-json\/wp\/v2\/users\/1"}],"replies":[{"embeddable":true,"href":"https:\/\/www.pluginator.dev\/sk\/wp-json\/wp\/v2\/comments?post=2962"}],"version-history":[{"count":3,"href":"https:\/\/www.pluginator.dev\/sk\/wp-json\/wp\/v2\/pages\/2962\/revisions"}],"predecessor-version":[{"id":3229,"href":"https:\/\/www.pluginator.dev\/sk\/wp-json\/wp\/v2\/pages\/2962\/revisions\/3229"}],"wp:attachment":[{"href":"https:\/\/www.pluginator.dev\/sk\/wp-json\/wp\/v2\/media?parent=2962"}],"curies":[{"name":"wp","href":"https:\/\/api.w.org\/{rel}","templated":true}]}}