{"id":293,"date":"2018-03-23T10:07:53","date_gmt":"2018-03-23T10:07:53","guid":{"rendered":""},"modified":"2023-11-20T14:45:13","modified_gmt":"2023-11-20T13:45:13","slug":"kontakt","status":"publish","type":"page","link":"https:\/\/www.pluginator.dev\/sk\/kontakt\/","title":{"rendered":"Kontaktujte n\u00e1s"},"content":{"rendered":"<section class=\"wpb-content-wrapper\"><p>[vc_row padding_top=&#8220;70&#8243; padding_bottom=&#8220;40&#8243;][vc_column][vc_column_text]<\/p>\n<p style=\"text-align: center; margin-bottom: 40px;\">Je nie\u010do s \u010d\u00edm potrebujete poradi\u0165 a nena\u0161li ste na odpove\u010f? M\u00e1te probl\u00e9m alebo h\u013ead\u00e1te plugin, ktor\u00fd sa v na\u0161ej ponuke nenach\u00e1dza? Nap\u00ed\u0161te n\u00e1m!<\/p>\n<div class=\"wpcf7 no-js\" id=\"wpcf7-f81-o1\" lang=\"en-US\" dir=\"ltr\">\n<div class=\"screen-reader-response\"><p role=\"status\" aria-live=\"polite\" aria-atomic=\"true\"><\/p> <ul><\/ul><\/div>\n<form action=\"\/sk\/wp-json\/wp\/v2\/pages\/293#wpcf7-f81-o1\" method=\"post\" class=\"wpcf7-form init\" aria-label=\"Contact form\" novalidate=\"novalidate\" data-status=\"init\">\n<div style=\"display: none;\">\n<input type=\"hidden\" name=\"_wpcf7\" value=\"81\" \/>\n<input type=\"hidden\" name=\"_wpcf7_version\" value=\"5.7.4\" \/>\n<input type=\"hidden\" name=\"_wpcf7_locale\" value=\"en_US\" \/>\n<input type=\"hidden\" name=\"_wpcf7_unit_tag\" value=\"wpcf7-f81-o1\" \/>\n<input type=\"hidden\" name=\"_wpcf7_container_post\" value=\"0\" \/>\n<input type=\"hidden\" name=\"_wpcf7_posted_data_hash\" value=\"\" \/>\n<input type=\"hidden\" name=\"_wpcf7_recaptcha_response\" value=\"\" \/>\n<\/div>\n<div class=\"row\">\n\t<div class=\"col-md-9 no-padding-right\">\n\t\t<p><span class=\"wpcf7-form-control-wrap\" data-name=\"your-message\"><textarea cols=\"40\" rows=\"10\" class=\"wpcf7-form-control wpcf7-textarea dm_main_text_7\" aria-invalid=\"false\" placeholder=\"Sem pros\u00edm nap\u00ed\u0161te va\u0161u spr\u00e1vu...\" name=\"your-message\"><\/textarea><\/span>\n\t\t<\/p>\n\t<\/div>\n\t<div class=\"col-md-3\">\n\t\t<p><span class=\"wpcf7-form-control-wrap\" data-name=\"your-name\"><input size=\"40\" class=\"wpcf7-form-control wpcf7-text dm_main_name_7\" aria-invalid=\"false\" placeholder=\"Meno\" value=\"\" type=\"text\" name=\"your-name\" \/><\/span>\n\t\t<\/p>\n\t\t<p><span class=\"wpcf7-form-control-wrap\" data-name=\"your-subject\"><input size=\"40\" class=\"wpcf7-form-control wpcf7-text dm_main_sub_7\" aria-invalid=\"false\" placeholder=\"Predmet\" value=\"\" type=\"text\" name=\"your-subject\" \/><\/span>\n\t\t<\/p>\n\t\t<p><span class=\"wpcf7-form-control-wrap\" data-name=\"your-email\"><input size=\"40\" class=\"wpcf7-form-control wpcf7-text wpcf7-email wpcf7-validates-as-email dm_main_email_7\" aria-invalid=\"false\" placeholder=\"Email\" value=\"\" type=\"email\" name=\"your-email\" \/><\/span>\n\t\t<\/p>\n\t\t<p><span class=\"wpcf7-form-control-wrap\" data-name=\"GDPR-acceptance\"><span class=\"wpcf7-form-control wpcf7-acceptance\"><span class=\"wpcf7-list-item\"><label><input type=\"checkbox\" name=\"GDPR-acceptance\" value=\"1\" aria-invalid=\"false\" \/><span class=\"wpcf7-list-item-label\">S\u00fahlas\u00edm so spracovan\u00edm <a href=\"\/podmienky-pouzivania-webovej-stranky\/\">osobn\u00fdch inform\u00e1ci\u00ed<\/a>.<\/p><\/span><\/label><\/span><\/span><\/span>\n\t\t<\/p>\n\t\t<p><input class=\"wpcf7-form-control has-spinner wpcf7-submit\" type=\"submit\" value=\"Odosla\u0165\" \/>\n\t\t<\/p>\n\t<\/div>\n<\/div><div class=\"wpcf7-response-output\" aria-hidden=\"true\"><\/div>\n<\/form>\n<\/div>\n[\/vc_column_text][\/vc_column][\/vc_row][vc_row padding_top=&#8220;0&#8243; padding_bottom=&#8220;0&#8243; to_para_bg=&#8220;single-color&#8220; single_color_bg=&#8220;#ededed&#8220;][vc_column width=&#8220;1\/4&#8243; css=&#8220;.vc_custom_1630422577358{margin-top: 20px !important;margin-left: 20px !important;}&#8220;][digital_contact_info address_widget=&#8220;Kontaktn\u00e9 \u00fadaje&#8220; title_color=&#8220;#28375a&#8220; countent_color=&#8220;#28375a&#8220;]Wisdom Factory, s.r.o.<br \/>\nRa\u010dianska ulica 9<br \/>\n831 02 Bratislava<br \/>\nSlovensk\u00e1 republika[\/digital_contact_info][\/vc_column][vc_column width=&#8220;1\/3&#8243; css=&#8220;.vc_custom_1630422630618{margin-top: 20px !important;}&#8220;][digital_contact_info address_widget=&#8220;Obchodn\u00e9 \u00fadaje&#8220; title_color=&#8220;#28375a&#8220; countent_color=&#8220;#28375a&#8220;]I\u010cO: 47 826 100<br \/>\nI\u010c DPH: SK2024113432<br \/>\nBankov\u00e9 spojenie: 402027061\/7500<br \/>\nIBAN: SK6375000000004020270612[\/digital_contact_info][\/vc_column][vc_column width=&#8220;1\/3&#8243; css=&#8220;.vc_custom_1630422625059{background-color: #f7f7f7 !important;}&#8220;][vc_column_text]V pr\u00edpade, \u017ee sa potrebujete s nami s\u00farne spoji\u0165, pros\u00edm kontaktujte n\u00e1s na telef\u00f3nnom \u010d\u00edsle <a href=\"tel:+421902423910\">+ 421 902 423 910<\/a> alebo prostredn\u00edctvom emailu <a href=\"mailto:info@pluginator.dev\">info@pluginator.dev<\/a>[\/vc_column_text][\/vc_column][\/vc_row]<\/p>\n<\/section>","protected":false},"excerpt":{"rendered":"<p>[vc_row padding_top=&#8220;70&#8243; padding_bottom=&#8220;40&#8243;][vc_column][vc_column_text] Je nie\u010do s \u010d\u00edm potrebujete poradi\u0165 a nena\u0161li ste na odpove\u010f? M\u00e1te probl\u00e9m alebo h\u013ead\u00e1te plugin, ktor\u00fd sa v na\u0161ej ponuke nenach\u00e1dza? Nap\u00ed\u0161te n\u00e1m! [\/vc_column_text][\/vc_column][\/vc_row][vc_row padding_top=&#8220;0&#8243; padding_bottom=&#8220;0&#8243; to_para_bg=&#8220;single-color&#8220; single_color_bg=&#8220;#ededed&#8220;][vc_column width=&#8220;1\/4&#8243; css=&#8220;.vc_custom_1630422577358{margin-top: 20px !important;margin-left: 20px !important;}&#8220;][digital_contact_info address_widget=&#8220;Kontaktn\u00e9 \u00fadaje&#8220; title_color=&#8220;#28375a&#8220; countent_color=&#8220;#28375a&#8220;]Wisdom Factory, s.r.o. Ra\u010dianska ulica 9 831 02 Bratislava Slovensk\u00e1 republika[\/digital_contact_info][\/vc_column][vc_column width=&#8220;1\/3&#8243; css=&#8220;.vc_custom_1630422630618{margin-top: 20px [&hellip;]<\/p>\n","protected":false},"author":1,"featured_media":0,"parent":0,"menu_order":0,"comment_status":"closed","ping_status":"closed","template":"","meta":[],"acf":[],"yoast_head":"<!-- This site is optimized with the Yoast SEO plugin v20.2.1 - https:\/\/yoast.com\/wordpress\/plugins\/seo\/ -->\n<title>Kontaktujte n\u00e1s - Pluginator<\/title>\n<meta name=\"description\" content=\"Najlep\u0161ie pluginy pre tvoj projekt n\u00e1jde\u0161 na Pluginator-e. Pre viac inform\u00e1ci\u00ed si pozri si aj na\u0161u str\u00e1nku Kontaktujte n\u00e1s.\" \/>\n<meta name=\"robots\" content=\"index, follow, max-snippet:-1, max-image-preview:large, max-video-preview:-1\" \/>\n<link rel=\"canonical\" href=\"https:\/\/www.pluginator.dev\/sk\/kontakt\/\" \/>\n<meta property=\"og:locale\" content=\"sk_SK\" \/>\n<meta property=\"og:type\" content=\"article\" \/>\n<meta property=\"og:title\" content=\"Kontaktujte n\u00e1s - Pluginator\" \/>\n<meta property=\"og:description\" content=\"Najlep\u0161ie pluginy pre tvoj projekt n\u00e1jde\u0161 na Pluginator-e. Pre viac inform\u00e1ci\u00ed si pozri si aj na\u0161u str\u00e1nku Kontaktujte n\u00e1s.\" \/>\n<meta property=\"og:url\" content=\"https:\/\/www.pluginator.dev\/sk\/kontakt\/\" \/>\n<meta property=\"og:site_name\" content=\"Pluginator\" \/>\n<meta property=\"article:publisher\" content=\"https:\/\/www.facebook.com\/pluginator.wisdom\/\" \/>\n<meta property=\"article:modified_time\" content=\"2023-11-20T13:45:13+00:00\" \/>\n<meta property=\"og:image\" content=\"https:\/\/www.pluginator.dev\/wp-content\/uploads\/2020\/04\/Pluginator.png\" \/>\n\t<meta property=\"og:image:width\" content=\"1701\" \/>\n\t<meta property=\"og:image:height\" content=\"1124\" \/>\n\t<meta property=\"og:image:type\" content=\"image\/png\" \/>\n<meta name=\"twitter:card\" content=\"summary_large_image\" \/>\n<meta name=\"twitter:label1\" content=\"Predpokladan\u00fd \u010das \u010d\u00edtania\" \/>\n\t<meta name=\"twitter:data1\" content=\"1 min\u00fata\" \/>\n<script type=\"application\/ld+json\" class=\"yoast-schema-graph\">{\"@context\":\"https:\/\/schema.org\",\"@graph\":[{\"@type\":\"WebPage\",\"@id\":\"https:\/\/www.pluginator.dev\/sk\/kontakt\/\",\"url\":\"https:\/\/www.pluginator.dev\/sk\/kontakt\/\",\"name\":\"Kontaktujte n\u00e1s - Pluginator\",\"isPartOf\":{\"@id\":\"https:\/\/www.pluginator.dev\/sk\/#website\"},\"datePublished\":\"2018-03-23T10:07:53+00:00\",\"dateModified\":\"2023-11-20T13:45:13+00:00\",\"description\":\"Najlep\u0161ie pluginy pre tvoj projekt n\u00e1jde\u0161 na Pluginator-e. Pre viac inform\u00e1ci\u00ed si pozri si aj na\u0161u str\u00e1nku Kontaktujte n\u00e1s.\",\"breadcrumb\":{\"@id\":\"https:\/\/www.pluginator.dev\/sk\/kontakt\/#breadcrumb\"},\"inLanguage\":\"sk-SK\",\"potentialAction\":[{\"@type\":\"ReadAction\",\"target\":[\"https:\/\/www.pluginator.dev\/sk\/kontakt\/\"]}]},{\"@type\":\"BreadcrumbList\",\"@id\":\"https:\/\/www.pluginator.dev\/sk\/kontakt\/#breadcrumb\",\"itemListElement\":[{\"@type\":\"ListItem\",\"position\":1,\"name\":\"Home\",\"item\":\"https:\/\/www.pluginator.dev\/sk\/\"},{\"@type\":\"ListItem\",\"position\":2,\"name\":\"Kontaktujte n\u00e1s\"}]},{\"@type\":\"WebSite\",\"@id\":\"https:\/\/www.pluginator.dev\/sk\/#website\",\"url\":\"https:\/\/www.pluginator.dev\/sk\/\",\"name\":\"Pluginator\",\"description\":\"Kvalitn\u00e9 pluginy od \u0161pi\u010dkov\u00fdch program\u00e1torov\",\"publisher\":{\"@id\":\"https:\/\/www.pluginator.dev\/sk\/#organization\"},\"potentialAction\":[{\"@type\":\"SearchAction\",\"target\":{\"@type\":\"EntryPoint\",\"urlTemplate\":\"https:\/\/www.pluginator.dev\/sk\/?s={search_term_string}\"},\"query-input\":\"required name=search_term_string\"}],\"inLanguage\":\"sk-SK\"},{\"@type\":\"Organization\",\"@id\":\"https:\/\/www.pluginator.dev\/sk\/#organization\",\"name\":\"Pluginator\",\"url\":\"https:\/\/www.pluginator.dev\/sk\/\",\"logo\":{\"@type\":\"ImageObject\",\"inLanguage\":\"sk-SK\",\"@id\":\"https:\/\/www.pluginator.dev\/sk\/#\/schema\/logo\/image\/\",\"url\":\"https:\/\/www.pluginator.dev\/wp-content\/uploads\/2020\/04\/Pluginator.png\",\"contentUrl\":\"https:\/\/www.pluginator.dev\/wp-content\/uploads\/2020\/04\/Pluginator.png\",\"width\":1701,\"height\":1124,\"caption\":\"Pluginator\"},\"image\":{\"@id\":\"https:\/\/www.pluginator.dev\/sk\/#\/schema\/logo\/image\/\"},\"sameAs\":[\"https:\/\/www.facebook.com\/pluginator.wisdom\/\"]}]}<\/script>\n<!-- \/ Yoast SEO plugin. -->","yoast_head_json":{"title":"Kontaktujte n\u00e1s - Pluginator","description":"Najlep\u0161ie pluginy pre tvoj projekt n\u00e1jde\u0161 na Pluginator-e. Pre viac inform\u00e1ci\u00ed si pozri si aj na\u0161u str\u00e1nku Kontaktujte n\u00e1s.","robots":{"index":"index","follow":"follow","max-snippet":"max-snippet:-1","max-image-preview":"max-image-preview:large","max-video-preview":"max-video-preview:-1"},"canonical":"https:\/\/www.pluginator.dev\/sk\/kontakt\/","og_locale":"sk_SK","og_type":"article","og_title":"Kontaktujte n\u00e1s - Pluginator","og_description":"Najlep\u0161ie pluginy pre tvoj projekt n\u00e1jde\u0161 na Pluginator-e. Pre viac inform\u00e1ci\u00ed si pozri si aj na\u0161u str\u00e1nku Kontaktujte n\u00e1s.","og_url":"https:\/\/www.pluginator.dev\/sk\/kontakt\/","og_site_name":"Pluginator","article_publisher":"https:\/\/www.facebook.com\/pluginator.wisdom\/","article_modified_time":"2023-11-20T13:45:13+00:00","og_image":[{"width":1701,"height":1124,"url":"https:\/\/www.pluginator.dev\/wp-content\/uploads\/2020\/04\/Pluginator.png","type":"image\/png"}],"twitter_card":"summary_large_image","twitter_misc":{"Predpokladan\u00fd \u010das \u010d\u00edtania":"1 min\u00fata"},"schema":{"@context":"https:\/\/schema.org","@graph":[{"@type":"WebPage","@id":"https:\/\/www.pluginator.dev\/sk\/kontakt\/","url":"https:\/\/www.pluginator.dev\/sk\/kontakt\/","name":"Kontaktujte n\u00e1s - Pluginator","isPartOf":{"@id":"https:\/\/www.pluginator.dev\/sk\/#website"},"datePublished":"2018-03-23T10:07:53+00:00","dateModified":"2023-11-20T13:45:13+00:00","description":"Najlep\u0161ie pluginy pre tvoj projekt n\u00e1jde\u0161 na Pluginator-e. Pre viac inform\u00e1ci\u00ed si pozri si aj na\u0161u str\u00e1nku Kontaktujte n\u00e1s.","breadcrumb":{"@id":"https:\/\/www.pluginator.dev\/sk\/kontakt\/#breadcrumb"},"inLanguage":"sk-SK","potentialAction":[{"@type":"ReadAction","target":["https:\/\/www.pluginator.dev\/sk\/kontakt\/"]}]},{"@type":"BreadcrumbList","@id":"https:\/\/www.pluginator.dev\/sk\/kontakt\/#breadcrumb","itemListElement":[{"@type":"ListItem","position":1,"name":"Home","item":"https:\/\/www.pluginator.dev\/sk\/"},{"@type":"ListItem","position":2,"name":"Kontaktujte n\u00e1s"}]},{"@type":"WebSite","@id":"https:\/\/www.pluginator.dev\/sk\/#website","url":"https:\/\/www.pluginator.dev\/sk\/","name":"Pluginator","description":"Kvalitn\u00e9 pluginy od \u0161pi\u010dkov\u00fdch program\u00e1torov","publisher":{"@id":"https:\/\/www.pluginator.dev\/sk\/#organization"},"potentialAction":[{"@type":"SearchAction","target":{"@type":"EntryPoint","urlTemplate":"https:\/\/www.pluginator.dev\/sk\/?s={search_term_string}"},"query-input":"required name=search_term_string"}],"inLanguage":"sk-SK"},{"@type":"Organization","@id":"https:\/\/www.pluginator.dev\/sk\/#organization","name":"Pluginator","url":"https:\/\/www.pluginator.dev\/sk\/","logo":{"@type":"ImageObject","inLanguage":"sk-SK","@id":"https:\/\/www.pluginator.dev\/sk\/#\/schema\/logo\/image\/","url":"https:\/\/www.pluginator.dev\/wp-content\/uploads\/2020\/04\/Pluginator.png","contentUrl":"https:\/\/www.pluginator.dev\/wp-content\/uploads\/2020\/04\/Pluginator.png","width":1701,"height":1124,"caption":"Pluginator"},"image":{"@id":"https:\/\/www.pluginator.dev\/sk\/#\/schema\/logo\/image\/"},"sameAs":["https:\/\/www.facebook.com\/pluginator.wisdom\/"]}]}},"_links":{"self":[{"href":"https:\/\/www.pluginator.dev\/sk\/wp-json\/wp\/v2\/pages\/293"}],"collection":[{"href":"https:\/\/www.pluginator.dev\/sk\/wp-json\/wp\/v2\/pages"}],"about":[{"href":"https:\/\/www.pluginator.dev\/sk\/wp-json\/wp\/v2\/types\/page"}],"author":[{"embeddable":true,"href":"https:\/\/www.pluginator.dev\/sk\/wp-json\/wp\/v2\/users\/1"}],"replies":[{"embeddable":true,"href":"https:\/\/www.pluginator.dev\/sk\/wp-json\/wp\/v2\/comments?post=293"}],"version-history":[{"count":12,"href":"https:\/\/www.pluginator.dev\/sk\/wp-json\/wp\/v2\/pages\/293\/revisions"}],"predecessor-version":[{"id":7184,"href":"https:\/\/www.pluginator.dev\/sk\/wp-json\/wp\/v2\/pages\/293\/revisions\/7184"}],"wp:attachment":[{"href":"https:\/\/www.pluginator.dev\/sk\/wp-json\/wp\/v2\/media?parent=293"}],"curies":[{"name":"wp","href":"https:\/\/api.w.org\/{rel}","templated":true}]}}