{"id":2916,"date":"2020-04-27T16:18:24","date_gmt":"2020-04-27T14:18:24","guid":{"rendered":"https:\/\/www.pluginator.dev\/?page_id=2916"},"modified":"2023-10-10T10:17:39","modified_gmt":"2023-10-10T08:17:39","slug":"obchodne-podmienky","status":"publish","type":"page","link":"https:\/\/www.pluginator.dev\/sk\/obchodne-podmienky\/","title":{"rendered":"Obchodn\u00e9 podmienky"},"content":{"rendered":"\n<h2>Obchodn\u00e9 podmienky platn\u00e9 od 11.10.2022: <\/h2>\n\n\n\n<p>Adresa na\u0161ej webovej str\u00e1nky je: <a href=\"http:\/\/pluginator.dev\">https:\/\/pluginator.dev<\/a><\/p>\n\n\n\n<p><strong>1. V\u0161eobecn\u00e9 ustanovenia:<\/strong><\/p>\n\n\n\n<p>1.1 Prev\u00e1dzkovate\u013eom e-shopu je spolo\u010dnos\u0165 Wisdom Factory, s. r. o., s\u00eddlom: Ra\u010dianska ulica 9, Bratislava \u2013 mestsk\u00e1 \u010das\u0165 Nov\u00e9 Mesto 831 02, I\u010cO: 47 826 100, zap\u00edsan\u00e1 v OR OS Bratislava I, oddiel: Sro, vlo\u017eka \u010d. 99541\/B, DI\u010c: 2024113432, I\u010c DPH: SK2024113432 (spolo\u010dnos\u0165 je platcom DPH) (\u010falej len <strong>\u201ePrev\u00e1dzkovate\u013e\u201c<\/strong>).<\/p>\n\n\n\n<p>1.2 Objedn\u00e1vate\u013e je subjekt, ktor\u00fd si od Prev\u00e1dzkovate\u013ea objednal dodanie pluginov (\u010falej len <strong>\u201eObjedn\u00e1vate\u013e\u201c<\/strong>).<\/p>\n\n\n\n<p>1.3 Tieto Obchodn\u00e9 podmienky s\u00fa neoddelite\u013enou s\u00fa\u010das\u0165ou zmluvy, ktor\u00fa uzavrie Prev\u00e1dzkovate\u013e s&nbsp;Objedn\u00e1vate\u013eom v&nbsp;s\u00favislosti s&nbsp;dod\u00e1van\u00edm pluginov Prev\u00e1dzkovate\u013eom Objedn\u00e1vate\u013eovi.<\/p>\n\n\n\n<p>1.4 Objedn\u00e1vate\u013e prehlasuje, \u017ee sa pred uzatvoren\u00edm objedn\u00e1vky v&nbsp;zmysle \u010dl\u00e1nku III. t\u00fdchto Obchodn\u00fdch podmienok obozn\u00e1mil s&nbsp;obsahom Obchodn\u00fdch podmienok a&nbsp;v&nbsp;celom rozsahu s&nbsp;nimi s\u00fahlas\u00ed.<\/p>\n\n\n\n<p><\/p>\n\n\n\n<p><strong>2. Registr\u00e1cia<\/strong><\/p>\n\n\n\n<p>2.1 Na webovej str\u00e1nke https:\/\/pluginator.dev m\u00f4\u017ee nakupova\u0165 Objedn\u00e1vate\u013e pluginy od Prev\u00e1dzkovate\u013ea len po zaregistrovan\u00ed \u2013 pr\u00edpadne prebehne samotn\u00e1 registr\u00e1cia ihne\u010f pri n\u00e1kupe. Zaregistrova\u0165 sa m\u00f4\u017ee Objedn\u00e1vate\u013e aj v procese objedn\u00e1vky. <\/p>\n\n\n\n<p>2.2 Registr\u00e1ciou z\u00edskava Objedn\u00e1vate\u013e pr\u00edstup do sekcie M\u00f4j \u00fa\u010det, kde si m\u00f4\u017eete pozrie\u0165 preh\u013ead jeho objedn\u00e1vok, \u010di predplatn\u00e9ho, a n\u00e1jde tam aj odkazy na stiahnutie aktu\u00e1lnych verzi\u00ed pluginov, ktor\u00fdch aktualiz\u00e1cie m\u00e1 predplaten\u00e9.<\/p>\n\n\n\n<p>2.3 Objedn\u00e1vate\u013e sa zav\u00e4zuje v&nbsp;procese registr\u00e1cie uv\u00e1dza\u0165 iba svoje a pravdiv\u00e9 inform\u00e1cie.<\/p>\n\n\n\n<p><\/p>\n\n\n\n<p><strong>3. Proces objedn\u00e1vky<\/strong><\/p>\n\n\n\n<p>3.1 Pre uskuto\u010dnenie objedn\u00e1vky si Objedn\u00e1vate\u013e zvol\u00ed po\u017eadovan\u00fa slu\u017ebu a kliknite na tla\u010didlo K\u00fapi\u0165\/Prida\u0165 do ko\u0161\u00edka. <\/p>\n\n\n\n<p>3.2 Po odoslan\u00ed objedn\u00e1vky dostane Objedn\u00e1vate\u013e sp\u00e4tn\u00e9 potvrdenie o prijat\u00ed objedn\u00e1vky na e-mailov\u00fa adresu, ktor\u00fa uviedol po\u010das objedn\u00e1vky a\/alebo registr\u00e1cie. Z\u00e1rove\u0148 bude jeho objedn\u00e1vka zobrazen\u00e1 v sekcii M\u00f4j \u00fa\u010det, do ktorej budete ma\u0165 pr\u00edstup po prihl\u00e1sen\u00ed.<\/p>\n\n\n\n<p>3.3 Doru\u010den\u00edm sp\u00e4tn\u00e9ho potvrdenia o&nbsp;prijat\u00ed objedn\u00e1vky uzatvoril Objedn\u00e1vate\u013e s&nbsp;Prev\u00e1dzkovate\u013eom zmluvu.<\/p>\n\n\n\n<p><\/p>\n\n\n\n<p><strong>4. Sp\u00f4soby platby<\/strong><\/p>\n\n\n\n<p>4.1 Platba mus\u00ed zrealizovan\u00e1 Objedn\u00e1vate\u013eom a to:<br>&#8211; prostredn\u00edctvom platobnej br\u00e1ny Stripe<br>&#8211; ak m\u00e1te z\u00e1ujem plati\u0165 prevodom na \u00fa\u010det, nap\u00ed\u0161te n\u00e1m pros\u00edm email pluginator@pluginator.dev <\/p>\n\n\n\n<p><strong>5. Sp\u00f4sob dodania<\/strong><\/p>\n\n\n\n<p>5.1 Po \u00faspe\u0161nom prip\u00edsan\u00ed platby na \u00fa\u010det Prev\u00e1dzkovate\u013ea bude objedn\u00e1vate\u013eovi poslan\u00fd email s odkazom na stiahnutie pluginu a odkaz na stiahnutie fakt\u00fary. Ak by Objedn\u00e1vate\u013e po zaplaten\u00ed nedostal \u017eiaden email v priebehu nasleduj\u00facich 30 min\u00fat, je povinn\u00fd kontaktova\u0165 technick\u00fa podporu Prev\u00e1dzkovate\u013ea emailom na adrese pluginator@pluginator.dev. <\/p>\n\n\n\n<p>5.2&nbsp;&nbsp;Niektor\u00e9 pluginy nie s\u00fa dostupn\u00e9 hne\u010f po odoslan\u00ed objedn\u00e1vky a&nbsp;preto si Prev\u00e1dzkovate\u013e vyhradzuje pr\u00e1vo na neskor\u0161ie odoslanie odkazu na stiahnutie pluginu a&nbsp;to 30 dn\u00ed odo d\u0148a prip\u00edsania platby na \u00fa\u010det. Inform\u00e1cie s\u00fa dostupn\u00e9 v popise dan\u00e9ho pluginu.<\/p>\n\n\n\n<p><\/p>\n\n\n\n<p><strong>6. Licencia<\/strong><\/p>\n\n\n\n<p>6.1 V\u0161etky na\u0161e pluginy s\u00fa licencovan\u00e9 pod&nbsp;<a rel=\"noreferrer noopener\" href=\"http:\/\/www.gnu.org\/licenses\/gpl.html\" target=\"_blank\">GNU General Public License (GPL)<\/a>. M\u00f4\u017eete si pre\u010d\u00edta\u0165&nbsp;<a rel=\"noreferrer noopener\" href=\"http:\/\/www.gpl.sk\/v3\/\" target=\"_blank\">informat\u00edvny slovensk\u00fd preklad GPL<\/a>.<\/p>\n\n\n\n<p><strong>7. Aktualiz\u00e1cie<\/strong><\/p>\n\n\n\n<p>7.1 Odoslan\u00edm a zaplaten\u00edm objedn\u00e1vky automaticky z\u00edskava Objedn\u00e1vate\u013e dostupnos\u0165 aktualiz\u00e1ci\u00ed a technickej podpory pluginu po dobu jedn\u00e9ho roka pre jednu webov\u00fa str\u00e1nku uveden\u00fa pri objedn\u00e1vke pluginu. <\/p>\n\n\n\n<p>7.2\u00a0Aktualiz\u00e1ciu a technick\u00fa podporu pluginu na \u010fal\u0161ie obdobia je mo\u017en\u00e9 si objedna\u0165 predplaten\u00edm slu\u017eby Aktualiz\u00e1cie a technick\u00e1 podpora, ktor\u00e1 je automaticky aktivovan\u00e1 pri n\u00e1kupe. Mo\u017enos\u0165 deaktivova\u0165 predplatn\u00e9 existuje v z\u00f3ne po prihl\u00e1sen\u00ed, pr\u00edpadne po kontaktovan\u00ed na emailov\u00fa adresu pluginator@pluginator.dev.<\/p>\n\n\n\n<p>7.3&nbsp;Prev\u00e1dzkovate\u013e nezaru\u010duje kompatibilitu so star\u0161\u00edmi verziami syst\u00e9mov.<\/p>\n\n\n\n<p><strong>8. Technick\u00e1 podpora (Support)<\/strong><\/p>\n\n\n\n<p>8.1&nbsp;Technick\u00fa podporu poskytuje Prev\u00e1dzkovate\u013e pre z\u00e1kazn\u00edkov, ktor\u00ed maj\u00fa akt\u00edvne predplatn\u00e9 slu\u017eby Aktualiz\u00e1cie a technick\u00e1 podpora v&nbsp;zmysle \u010dl\u00e1nku 7.<\/p>\n\n\n\n<p>8.2\u00a0Technick\u00fa podporu poskytuje Prev\u00e1dzkovate\u013e prostredn\u00edctvom emailu na adrese pluginator@pluginator.dev, taktie\u017e ju je mo\u017en\u00e9 vykona\u0165 po dohode telefonicky.<\/p>\n\n\n\n<p><\/p>\n\n\n\n<p><strong>9. Automatick\u00e1 obnova predplatn\u00e9ho slu\u017eby Aktualiz\u00e1cie a technick\u00e1 podpora (recurring platba)<\/strong><\/p>\n\n\n\n<p>9.1&nbsp;Odoslan\u00edm objedn\u00e1vky slu\u017eby Aktualiz\u00e1cie a technick\u00e1 podpora, si z\u00e1rove\u0148 Objedn\u00e1vate\u013e aktivuje automatick\u00e9 obnovovanie predplatn\u00e9ho tejto slu\u017eby po uplynut\u00ed jedn\u00e9ho roka. <\/p>\n\n\n\n<p>9.2&nbsp;V pr\u00edpade, \u017ee to zvolen\u00fd sp\u00f4sob platby umo\u017e\u0148uje, bude platba za predplatn\u00e9 na \u010fal\u0161\u00ed rok uskuto\u010dnen\u00e1 automaticky po skon\u010den\u00ed obdobia, na ktor\u00e9 mal Objedn\u00e1vate\u013e slu\u017ebu predplaten\u00fa. <\/p>\n\n\n\n<p>9.3&nbsp;Automatick\u00e9 obnovovanie predplatn\u00e9ho m\u00f4\u017ee Objedn\u00e1vate\u013e kedyko\u013evek zru\u0161i\u0165 po prihl\u00e1sen\u00ed sa v sekcii M\u00f4j \u00fa\u010det. Pred skon\u010den\u00edm obdobia predplatn\u00e9ho budete automaticky informovan\u00fd prostredn\u00edctvom emailu.<\/p>\n\n\n\n<p>9.4&nbsp;T\u00e1to slu\u017eba m\u00f4\u017ee by\u0165 dostupn\u00e1 len pre vybran\u00e9 produkty \u2013 Prev\u00e1dzkovate\u013e si vyhradzuje pr\u00e1vo neposkytnutia automatickej obnovy pri ur\u010dit\u00fdch produktoch.<\/p>\n\n\n\n<p><strong>10. Odst\u00fapenie od z\u00e1ruky<\/strong><\/p>\n\n\n\n<p>10.1&nbsp;Ka\u017ed\u00fd z na\u0161ich pluginov je poskytovan\u00fd \u201ctak, ako je\u201d, a teda bez z\u00e1ruky ak\u00e9hoko\u013evek druhu. <\/p>\n\n\n\n<p>10.2&nbsp;Prev\u00e1dzkovate\u013e &nbsp;nenesie zodpovednos\u0165 za ak\u00fako\u013evek \u0161kodu, a to najm\u00e4 \u0161kodu priamu, nepriamu, \u0161peci\u00e1lnu, n\u00e1hodn\u00fa \u010di n\u00e1sledn\u00fa, \u010di in\u00e9 straty s pou\u017e\u00edvan\u00edm spojen\u00e9, pou\u017e\u00edvan\u00edm sp\u00f4soben\u00e9, \u010di vypl\u00fdvaj\u00face z nemo\u017enosti pou\u017e\u00edvania n\u00e1\u0161ho pluginu napr. v&nbsp;d\u00f4sledku neaktu\u00e1lneho syst\u00e9mu Objedn\u00e1vate\u013ea.<\/p>\n\n\n\n<p><strong>11. Garancia vr\u00e1tenia pe\u0148az\u00ed<\/strong><\/p>\n\n\n\n<p>11.1&nbsp;Ak sa Objedn\u00e1vate\u013e z ak\u00e9hoko\u013evek d\u00f4vodu nevyu\u017e\u00edva\u0165 slu\u017eby a&nbsp;pluginy Prev\u00e1dzkovate\u013ea, m\u00f4\u017ee Prev\u00e1dzkovate\u013ea do 30 dn\u00ed zaplatenia objedn\u00e1vky po\u017eiada\u0165 o vr\u00e1tenie pe\u0148az\u00ed.<\/p>\n\n\n\n<p>11.2&nbsp;V&nbsp;pr\u00edpade \u017eiadosti Objedn\u00e1vate\u013ea pod\u013ea predch\u00e1dzaj\u00faceho \u010dl\u00e1nku vr\u00e1ti Prev\u00e1dzkovate\u013e zaplaten\u00fa sumu sp\u00e4\u0165 na \u00fa\u010det Objedn\u00e1vate\u013ea alebo in\u00fdm sp\u00f4sobom po dohode s&nbsp;Prev\u00e1dzkovate\u013eom. <\/p>\n\n\n\n<p>11.3&nbsp;\u017diados\u0165 je nutn\u00e9 posla\u0165 z emailovej adresy, ktor\u00e1 bola uveden\u00e1 v&nbsp;objedn\u00e1vke, pri\u010dom Objedn\u00e1vate\u013e je povinn\u00fd sa verifikova\u0165 v&nbsp;zmysle po\u017eiadaviek a in\u0161trukci\u00ed Prev\u00e1dzkovate\u013ea.<\/p>\n\n\n\n<p><\/p>\n\n\n\n<p><strong>12. Ochrana osobn\u00fdch \u00fadajov<\/strong><\/p>\n\n\n\n<p>12.1 Objedn\u00e1vate\u013e s\u00fahlas\u00ed v&nbsp;zmysle \u00a7 13 ods. 1 p\u00edsm. a) z\u00e1kona \u010d. 18\/2018 Z.z. o&nbsp;ochrane osobn\u00fdch \u00fadajov v&nbsp;znen\u00ed neskor\u0161\u00edch predpisov so sprac\u00favan\u00edm osobn\u00fdch \u00fadajov Objedn\u00e1vate\u013ea Prev\u00e1dzkovate\u013eom.<\/p>\n\n\n\n<p>12.2&nbsp;Prev\u00e1dzkovate\u013e je opr\u00e1vnen\u00fd sprac\u00fava\u0165 osobn\u00e9 \u00fadaje iba v&nbsp;rozsahu nevyhnutnom naplnenie podmienok zmluvy a&nbsp;v&nbsp;s\u00favislosti so zmluvou.<\/p>\n\n\n\n<p><strong>13. Z\u00e1vere\u010dn\u00e9 ustanovenia<\/strong><\/p>\n\n\n\n<p>13.1&nbsp;Tieto Obchodn\u00e9 podmienky sa interpretuj\u00fa v s\u00falade so v\u0161eobecne z\u00e1v\u00e4zn\u00fdmi pr\u00e1vnymi predpismi Slovenskej republiky (SR), predov\u0161etk\u00fdm v&nbsp;zmysle z\u00e1kona \u010d. 40\/1964 Zb. Ob\u010diansky z\u00e1konn\u00edk v&nbsp;znen\u00ed neskor\u0161\u00edch predpisov a&nbsp;v&nbsp;zmysle z\u00e1kona \u010d. 513\/1991 Zb. Obchodn\u00fd z\u00e1konn\u00edk v&nbsp;znen\u00ed neskor\u0161\u00edch predpisov a&nbsp;in\u00fdch relevantn\u00fdch pr\u00e1vnych predpisov. <\/p>\n\n\n\n<p>13.2&nbsp;Ak\u00e9ko\u013evek s\u00fadne sporu s\u00favisiace s&nbsp;t\u00fdmito Obchodn\u00fdmi podmienkami patria do v\u00fdlu\u010dnej pr\u00e1vomoci s\u00fadov SR a&nbsp;spravuj\u00fa sa pr\u00edslu\u0161n\u00fdmi pr\u00e1vnymi predpismi SR a to aj v pr\u00edpade, ak Objedn\u00e1vate\u013e nie je ob\u010danom SR alebo nem\u00e1 s\u00eddlo v&nbsp;SR, resp. ak je osobou zalo\u017eenou pod\u013ea pr\u00e1va in\u00e9ho \u0161t\u00e1tu.<\/p>\n\n\n\n<p>13.3&nbsp;Prev\u00e1dzkovate\u013e m\u00e1 pr\u00e1vo na zmenu t\u00fdchto Obchodn\u00fdch podmienok bez nutnosti vopred informovania Objedn\u00e1vate\u013ea. Aktu\u00e1lne znenie obchodn\u00fdch podmienok bude v\u017edy zverejnen\u00e9 na str\u00e1nke https:\/\/pluginator.dev\/obchodne-podmienky\/.<\/p>\n\n\n\n<p>Tieto Obchodn\u00e9 podmienky nadob\u00fadaj\u00fa platnos\u0165 a\u00a0\u00fa\u010dinnos\u0165 d\u0148om 11.10.2022.<\/p>\n","protected":false},"excerpt":{"rendered":"<p>Obchodn\u00e9 podmienky platn\u00e9 od 11.10.2022: Adresa na\u0161ej webovej str\u00e1nky je: https:\/\/pluginator.dev 1. V\u0161eobecn\u00e9 ustanovenia: 1.1 Prev\u00e1dzkovate\u013eom e-shopu je spolo\u010dnos\u0165 Wisdom Factory, s. r. o., s\u00eddlom: Ra\u010dianska ulica 9, Bratislava \u2013 mestsk\u00e1 \u010das\u0165 Nov\u00e9 Mesto 831 02, I\u010cO: 47 826 100, zap\u00edsan\u00e1 v OR OS Bratislava I, oddiel: Sro, vlo\u017eka \u010d. 99541\/B, DI\u010c: 2024113432, I\u010c DPH: [&hellip;]<\/p>\n","protected":false},"author":1,"featured_media":0,"parent":0,"menu_order":0,"comment_status":"closed","ping_status":"open","template":"","meta":[],"acf":[],"yoast_head":"<!-- This site is optimized with the Yoast SEO plugin v20.2.1 - https:\/\/yoast.com\/wordpress\/plugins\/seo\/ -->\n<title>Obchodn\u00e9 podmienky - Pluginator<\/title>\n<meta name=\"description\" content=\"Najlep\u0161ie pluginy pre tvoj projekt n\u00e1jde\u0161 na Pluginator-e. Pre viac inform\u00e1ci\u00ed si pozri si aj na\u0161u str\u00e1nku Obchodn\u00e9 podmienky.\" \/>\n<meta name=\"robots\" content=\"index, follow, max-snippet:-1, max-image-preview:large, max-video-preview:-1\" \/>\n<link rel=\"canonical\" href=\"https:\/\/www.pluginator.dev\/sk\/obchodne-podmienky\/\" \/>\n<meta property=\"og:locale\" content=\"sk_SK\" \/>\n<meta property=\"og:type\" content=\"article\" \/>\n<meta property=\"og:title\" content=\"Obchodn\u00e9 podmienky - Pluginator\" \/>\n<meta property=\"og:description\" content=\"Najlep\u0161ie pluginy pre tvoj projekt n\u00e1jde\u0161 na Pluginator-e. Pre viac inform\u00e1ci\u00ed si pozri si aj na\u0161u str\u00e1nku Obchodn\u00e9 podmienky.\" \/>\n<meta property=\"og:url\" content=\"https:\/\/www.pluginator.dev\/sk\/obchodne-podmienky\/\" \/>\n<meta property=\"og:site_name\" content=\"Pluginator\" \/>\n<meta property=\"article:publisher\" content=\"https:\/\/www.facebook.com\/pluginator.wisdom\/\" \/>\n<meta property=\"article:modified_time\" content=\"2023-10-10T08:17:39+00:00\" \/>\n<meta property=\"og:image\" content=\"https:\/\/www.pluginator.dev\/wp-content\/uploads\/2020\/04\/Pluginator.png\" \/>\n\t<meta property=\"og:image:width\" content=\"1701\" \/>\n\t<meta property=\"og:image:height\" content=\"1124\" \/>\n\t<meta property=\"og:image:type\" content=\"image\/png\" \/>\n<meta name=\"twitter:card\" content=\"summary_large_image\" \/>\n<meta name=\"twitter:label1\" content=\"Predpokladan\u00fd \u010das \u010d\u00edtania\" \/>\n\t<meta name=\"twitter:data1\" content=\"6 min\u00fat\" \/>\n<script type=\"application\/ld+json\" class=\"yoast-schema-graph\">{\"@context\":\"https:\/\/schema.org\",\"@graph\":[{\"@type\":\"WebPage\",\"@id\":\"https:\/\/www.pluginator.dev\/sk\/obchodne-podmienky\/\",\"url\":\"https:\/\/www.pluginator.dev\/sk\/obchodne-podmienky\/\",\"name\":\"Obchodn\u00e9 podmienky - Pluginator\",\"isPartOf\":{\"@id\":\"https:\/\/www.pluginator.dev\/sk\/#website\"},\"datePublished\":\"2020-04-27T14:18:24+00:00\",\"dateModified\":\"2023-10-10T08:17:39+00:00\",\"description\":\"Najlep\u0161ie pluginy pre tvoj projekt n\u00e1jde\u0161 na Pluginator-e. Pre viac inform\u00e1ci\u00ed si pozri si aj na\u0161u str\u00e1nku Obchodn\u00e9 podmienky.\",\"breadcrumb\":{\"@id\":\"https:\/\/www.pluginator.dev\/sk\/obchodne-podmienky\/#breadcrumb\"},\"inLanguage\":\"sk-SK\",\"potentialAction\":[{\"@type\":\"ReadAction\",\"target\":[\"https:\/\/www.pluginator.dev\/sk\/obchodne-podmienky\/\"]}]},{\"@type\":\"BreadcrumbList\",\"@id\":\"https:\/\/www.pluginator.dev\/sk\/obchodne-podmienky\/#breadcrumb\",\"itemListElement\":[{\"@type\":\"ListItem\",\"position\":1,\"name\":\"Home\",\"item\":\"https:\/\/www.pluginator.dev\/sk\/\"},{\"@type\":\"ListItem\",\"position\":2,\"name\":\"Obchodn\u00e9 podmienky\"}]},{\"@type\":\"WebSite\",\"@id\":\"https:\/\/www.pluginator.dev\/sk\/#website\",\"url\":\"https:\/\/www.pluginator.dev\/sk\/\",\"name\":\"Pluginator\",\"description\":\"Kvalitn\u00e9 pluginy od \u0161pi\u010dkov\u00fdch program\u00e1torov\",\"publisher\":{\"@id\":\"https:\/\/www.pluginator.dev\/sk\/#organization\"},\"potentialAction\":[{\"@type\":\"SearchAction\",\"target\":{\"@type\":\"EntryPoint\",\"urlTemplate\":\"https:\/\/www.pluginator.dev\/sk\/?s={search_term_string}\"},\"query-input\":\"required name=search_term_string\"}],\"inLanguage\":\"sk-SK\"},{\"@type\":\"Organization\",\"@id\":\"https:\/\/www.pluginator.dev\/sk\/#organization\",\"name\":\"Pluginator\",\"url\":\"https:\/\/www.pluginator.dev\/sk\/\",\"logo\":{\"@type\":\"ImageObject\",\"inLanguage\":\"sk-SK\",\"@id\":\"https:\/\/www.pluginator.dev\/sk\/#\/schema\/logo\/image\/\",\"url\":\"https:\/\/www.pluginator.dev\/wp-content\/uploads\/2020\/04\/Pluginator.png\",\"contentUrl\":\"https:\/\/www.pluginator.dev\/wp-content\/uploads\/2020\/04\/Pluginator.png\",\"width\":1701,\"height\":1124,\"caption\":\"Pluginator\"},\"image\":{\"@id\":\"https:\/\/www.pluginator.dev\/sk\/#\/schema\/logo\/image\/\"},\"sameAs\":[\"https:\/\/www.facebook.com\/pluginator.wisdom\/\"]}]}<\/script>\n<!-- \/ Yoast SEO plugin. -->","yoast_head_json":{"title":"Obchodn\u00e9 podmienky - Pluginator","description":"Najlep\u0161ie pluginy pre tvoj projekt n\u00e1jde\u0161 na Pluginator-e. Pre viac inform\u00e1ci\u00ed si pozri si aj na\u0161u str\u00e1nku Obchodn\u00e9 podmienky.","robots":{"index":"index","follow":"follow","max-snippet":"max-snippet:-1","max-image-preview":"max-image-preview:large","max-video-preview":"max-video-preview:-1"},"canonical":"https:\/\/www.pluginator.dev\/sk\/obchodne-podmienky\/","og_locale":"sk_SK","og_type":"article","og_title":"Obchodn\u00e9 podmienky - Pluginator","og_description":"Najlep\u0161ie pluginy pre tvoj projekt n\u00e1jde\u0161 na Pluginator-e. Pre viac inform\u00e1ci\u00ed si pozri si aj na\u0161u str\u00e1nku Obchodn\u00e9 podmienky.","og_url":"https:\/\/www.pluginator.dev\/sk\/obchodne-podmienky\/","og_site_name":"Pluginator","article_publisher":"https:\/\/www.facebook.com\/pluginator.wisdom\/","article_modified_time":"2023-10-10T08:17:39+00:00","og_image":[{"width":1701,"height":1124,"url":"https:\/\/www.pluginator.dev\/wp-content\/uploads\/2020\/04\/Pluginator.png","type":"image\/png"}],"twitter_card":"summary_large_image","twitter_misc":{"Predpokladan\u00fd \u010das \u010d\u00edtania":"6 min\u00fat"},"schema":{"@context":"https:\/\/schema.org","@graph":[{"@type":"WebPage","@id":"https:\/\/www.pluginator.dev\/sk\/obchodne-podmienky\/","url":"https:\/\/www.pluginator.dev\/sk\/obchodne-podmienky\/","name":"Obchodn\u00e9 podmienky - Pluginator","isPartOf":{"@id":"https:\/\/www.pluginator.dev\/sk\/#website"},"datePublished":"2020-04-27T14:18:24+00:00","dateModified":"2023-10-10T08:17:39+00:00","description":"Najlep\u0161ie pluginy pre tvoj projekt n\u00e1jde\u0161 na Pluginator-e. Pre viac inform\u00e1ci\u00ed si pozri si aj na\u0161u str\u00e1nku Obchodn\u00e9 podmienky.","breadcrumb":{"@id":"https:\/\/www.pluginator.dev\/sk\/obchodne-podmienky\/#breadcrumb"},"inLanguage":"sk-SK","potentialAction":[{"@type":"ReadAction","target":["https:\/\/www.pluginator.dev\/sk\/obchodne-podmienky\/"]}]},{"@type":"BreadcrumbList","@id":"https:\/\/www.pluginator.dev\/sk\/obchodne-podmienky\/#breadcrumb","itemListElement":[{"@type":"ListItem","position":1,"name":"Home","item":"https:\/\/www.pluginator.dev\/sk\/"},{"@type":"ListItem","position":2,"name":"Obchodn\u00e9 podmienky"}]},{"@type":"WebSite","@id":"https:\/\/www.pluginator.dev\/sk\/#website","url":"https:\/\/www.pluginator.dev\/sk\/","name":"Pluginator","description":"Kvalitn\u00e9 pluginy od \u0161pi\u010dkov\u00fdch program\u00e1torov","publisher":{"@id":"https:\/\/www.pluginator.dev\/sk\/#organization"},"potentialAction":[{"@type":"SearchAction","target":{"@type":"EntryPoint","urlTemplate":"https:\/\/www.pluginator.dev\/sk\/?s={search_term_string}"},"query-input":"required name=search_term_string"}],"inLanguage":"sk-SK"},{"@type":"Organization","@id":"https:\/\/www.pluginator.dev\/sk\/#organization","name":"Pluginator","url":"https:\/\/www.pluginator.dev\/sk\/","logo":{"@type":"ImageObject","inLanguage":"sk-SK","@id":"https:\/\/www.pluginator.dev\/sk\/#\/schema\/logo\/image\/","url":"https:\/\/www.pluginator.dev\/wp-content\/uploads\/2020\/04\/Pluginator.png","contentUrl":"https:\/\/www.pluginator.dev\/wp-content\/uploads\/2020\/04\/Pluginator.png","width":1701,"height":1124,"caption":"Pluginator"},"image":{"@id":"https:\/\/www.pluginator.dev\/sk\/#\/schema\/logo\/image\/"},"sameAs":["https:\/\/www.facebook.com\/pluginator.wisdom\/"]}]}},"_links":{"self":[{"href":"https:\/\/www.pluginator.dev\/sk\/wp-json\/wp\/v2\/pages\/2916"}],"collection":[{"href":"https:\/\/www.pluginator.dev\/sk\/wp-json\/wp\/v2\/pages"}],"about":[{"href":"https:\/\/www.pluginator.dev\/sk\/wp-json\/wp\/v2\/types\/page"}],"author":[{"embeddable":true,"href":"https:\/\/www.pluginator.dev\/sk\/wp-json\/wp\/v2\/users\/1"}],"replies":[{"embeddable":true,"href":"https:\/\/www.pluginator.dev\/sk\/wp-json\/wp\/v2\/comments?post=2916"}],"version-history":[{"count":5,"href":"https:\/\/www.pluginator.dev\/sk\/wp-json\/wp\/v2\/pages\/2916\/revisions"}],"predecessor-version":[{"id":7055,"href":"https:\/\/www.pluginator.dev\/sk\/wp-json\/wp\/v2\/pages\/2916\/revisions\/7055"}],"wp:attachment":[{"href":"https:\/\/www.pluginator.dev\/sk\/wp-json\/wp\/v2\/media?parent=2916"}],"curies":[{"name":"wp","href":"https:\/\/api.w.org\/{rel}","templated":true}]}}