{"id":195,"date":"2018-03-23T10:04:43","date_gmt":"2018-03-23T10:04:43","guid":{"rendered":""},"modified":"2020-05-21T17:31:32","modified_gmt":"2020-05-21T15:31:32","slug":"cookies","status":"publish","type":"page","link":"https:\/\/www.pluginator.dev\/sk\/cookies\/","title":{"rendered":"Cookies"},"content":{"rendered":"<section class=\"wpb-content-wrapper\"><p>[vc_row][vc_column][vc_custom_heading text=&#8220;Ako pou\u017e\u00edvame s\u00fabory cookie?&#8220; font_container=&#8220;tag:h2|text_align:center|color:%233c465a&#8220; use_theme_fonts=&#8220;yes&#8220;][vc_column_text]<\/p>\n<p style=\"text-align: center;\">Cookie je kr\u00e1tky textov\u00fd s\u00fabor, ktor\u00fd do prehliada\u010da odosielaj\u00fa nav\u0161t\u00edven\u00e9 webov\u00e9 str\u00e1nky. S\u00fabory cookie s\u00fa d\u00f4le\u017eit\u00e9. Bez nich by bolo prehliadanie webu ove\u013ea zlo\u017eitej\u0161ie. Cookie n\u00e1m v \u017eiadnom pr\u00edpade neposkytuj\u00fa pr\u00edstup k v\u00e1\u0161mu po\u010d\u00edta\u010du alebo ak\u00fdmko\u013evek inform\u00e1ciam o V\u00e1s, okrem \u00fadajov, ktor\u00e9 budete chcie\u0165 zdie\u013ea\u0165 s nami. Webov\u00fdm str\u00e1nkam umo\u017e\u0148uje zapam\u00e4ta\u0165 si inform\u00e1cie o va\u0161ej n\u00e1v\u0161teve, napr\u00edklad na ukladanie va\u0161ich predvolieb bezpe\u010dn\u00e9ho vyh\u013ead\u00e1vania, na v\u00fdber relevantn\u00fdch rekl\u00e1m, na sledovanie po\u010dtu n\u00e1v\u0161tevn\u00edkov na str\u00e1nke, na zjednodu\u0161enie registr\u00e1cie do nov\u00fdch slu\u017eieb a na ochranu va\u0161ich \u00fadajov. \u010eal\u0161ia n\u00e1v\u0161teva str\u00e1nok tak m\u00f4\u017ee prebehn\u00fa\u0165 \u013eah\u0161ie a m\u00f4\u017ee by\u0165 produkt\u00edvnej\u0161ia.<\/p>\n<p>[\/vc_column_text][\/vc_column][\/vc_row]<\/p>\n<\/section>","protected":false},"excerpt":{"rendered":"<p>[vc_row][vc_column][vc_custom_heading text=&#8220;Ako pou\u017e\u00edvame s\u00fabory cookie?&#8220; font_container=&#8220;tag:h2|text_align:center|color:%233c465a&#8220; use_theme_fonts=&#8220;yes&#8220;][vc_column_text] Cookie je kr\u00e1tky textov\u00fd s\u00fabor, ktor\u00fd do prehliada\u010da odosielaj\u00fa nav\u0161t\u00edven\u00e9 webov\u00e9 str\u00e1nky. S\u00fabory cookie s\u00fa d\u00f4le\u017eit\u00e9. Bez nich by bolo prehliadanie webu ove\u013ea zlo\u017eitej\u0161ie. Cookie n\u00e1m v \u017eiadnom pr\u00edpade neposkytuj\u00fa pr\u00edstup k v\u00e1\u0161mu po\u010d\u00edta\u010du alebo ak\u00fdmko\u013evek inform\u00e1ciam o V\u00e1s, okrem \u00fadajov, ktor\u00e9 budete chcie\u0165 zdie\u013ea\u0165 s nami. Webov\u00fdm [&hellip;]<\/p>\n","protected":false},"author":1,"featured_media":0,"parent":0,"menu_order":0,"comment_status":"closed","ping_status":"closed","template":"","meta":[],"acf":[],"yoast_head":"<!-- This site is optimized with the Yoast SEO plugin v20.2.1 - https:\/\/yoast.com\/wordpress\/plugins\/seo\/ -->\n<title>Cookies - Pluginator<\/title>\n<meta name=\"description\" content=\"Najlep\u0161ie pluginy pre tvoj projekt n\u00e1jde\u0161 na Pluginator-e. Pre viac inform\u00e1ci\u00ed si pozri si aj na\u0161u str\u00e1nku Cookies.\" \/>\n<meta name=\"robots\" content=\"index, follow, max-snippet:-1, max-image-preview:large, max-video-preview:-1\" \/>\n<link rel=\"canonical\" href=\"https:\/\/www.pluginator.dev\/sk\/cookies\/\" \/>\n<meta property=\"og:locale\" content=\"sk_SK\" \/>\n<meta property=\"og:type\" content=\"article\" \/>\n<meta property=\"og:title\" content=\"Cookies - Pluginator\" \/>\n<meta property=\"og:description\" content=\"Najlep\u0161ie pluginy pre tvoj projekt n\u00e1jde\u0161 na Pluginator-e. Pre viac inform\u00e1ci\u00ed si pozri si aj na\u0161u str\u00e1nku Cookies.\" \/>\n<meta property=\"og:url\" content=\"https:\/\/www.pluginator.dev\/sk\/cookies\/\" \/>\n<meta property=\"og:site_name\" content=\"Pluginator\" \/>\n<meta property=\"article:publisher\" content=\"https:\/\/www.facebook.com\/pluginator.wisdom\/\" \/>\n<meta property=\"article:modified_time\" content=\"2020-05-21T15:31:32+00:00\" \/>\n<meta property=\"og:image\" content=\"https:\/\/www.pluginator.dev\/wp-content\/uploads\/2020\/04\/Pluginator.png\" \/>\n\t<meta property=\"og:image:width\" content=\"1701\" \/>\n\t<meta property=\"og:image:height\" content=\"1124\" \/>\n\t<meta property=\"og:image:type\" content=\"image\/png\" \/>\n<meta name=\"twitter:card\" content=\"summary_large_image\" \/>\n<meta name=\"twitter:label1\" content=\"Predpokladan\u00fd \u010das \u010d\u00edtania\" \/>\n\t<meta name=\"twitter:data1\" content=\"1 min\u00fata\" \/>\n<script type=\"application\/ld+json\" class=\"yoast-schema-graph\">{\"@context\":\"https:\/\/schema.org\",\"@graph\":[{\"@type\":\"WebPage\",\"@id\":\"https:\/\/www.pluginator.dev\/sk\/cookies\/\",\"url\":\"https:\/\/www.pluginator.dev\/sk\/cookies\/\",\"name\":\"Cookies - Pluginator\",\"isPartOf\":{\"@id\":\"https:\/\/www.pluginator.dev\/sk\/#website\"},\"datePublished\":\"2018-03-23T10:04:43+00:00\",\"dateModified\":\"2020-05-21T15:31:32+00:00\",\"description\":\"Najlep\u0161ie pluginy pre tvoj projekt n\u00e1jde\u0161 na Pluginator-e. Pre viac inform\u00e1ci\u00ed si pozri si aj na\u0161u str\u00e1nku Cookies.\",\"breadcrumb\":{\"@id\":\"https:\/\/www.pluginator.dev\/sk\/cookies\/#breadcrumb\"},\"inLanguage\":\"sk-SK\",\"potentialAction\":[{\"@type\":\"ReadAction\",\"target\":[\"https:\/\/www.pluginator.dev\/sk\/cookies\/\"]}]},{\"@type\":\"BreadcrumbList\",\"@id\":\"https:\/\/www.pluginator.dev\/sk\/cookies\/#breadcrumb\",\"itemListElement\":[{\"@type\":\"ListItem\",\"position\":1,\"name\":\"Home\",\"item\":\"https:\/\/www.pluginator.dev\/sk\/\"},{\"@type\":\"ListItem\",\"position\":2,\"name\":\"Cookies\"}]},{\"@type\":\"WebSite\",\"@id\":\"https:\/\/www.pluginator.dev\/sk\/#website\",\"url\":\"https:\/\/www.pluginator.dev\/sk\/\",\"name\":\"Pluginator\",\"description\":\"Kvalitn\u00e9 pluginy od \u0161pi\u010dkov\u00fdch program\u00e1torov\",\"publisher\":{\"@id\":\"https:\/\/www.pluginator.dev\/sk\/#organization\"},\"potentialAction\":[{\"@type\":\"SearchAction\",\"target\":{\"@type\":\"EntryPoint\",\"urlTemplate\":\"https:\/\/www.pluginator.dev\/sk\/?s={search_term_string}\"},\"query-input\":\"required name=search_term_string\"}],\"inLanguage\":\"sk-SK\"},{\"@type\":\"Organization\",\"@id\":\"https:\/\/www.pluginator.dev\/sk\/#organization\",\"name\":\"Pluginator\",\"url\":\"https:\/\/www.pluginator.dev\/sk\/\",\"logo\":{\"@type\":\"ImageObject\",\"inLanguage\":\"sk-SK\",\"@id\":\"https:\/\/www.pluginator.dev\/sk\/#\/schema\/logo\/image\/\",\"url\":\"https:\/\/www.pluginator.dev\/wp-content\/uploads\/2020\/04\/Pluginator.png\",\"contentUrl\":\"https:\/\/www.pluginator.dev\/wp-content\/uploads\/2020\/04\/Pluginator.png\",\"width\":1701,\"height\":1124,\"caption\":\"Pluginator\"},\"image\":{\"@id\":\"https:\/\/www.pluginator.dev\/sk\/#\/schema\/logo\/image\/\"},\"sameAs\":[\"https:\/\/www.facebook.com\/pluginator.wisdom\/\"]}]}<\/script>\n<!-- \/ Yoast SEO plugin. -->","yoast_head_json":{"title":"Cookies - Pluginator","description":"Najlep\u0161ie pluginy pre tvoj projekt n\u00e1jde\u0161 na Pluginator-e. Pre viac inform\u00e1ci\u00ed si pozri si aj na\u0161u str\u00e1nku Cookies.","robots":{"index":"index","follow":"follow","max-snippet":"max-snippet:-1","max-image-preview":"max-image-preview:large","max-video-preview":"max-video-preview:-1"},"canonical":"https:\/\/www.pluginator.dev\/sk\/cookies\/","og_locale":"sk_SK","og_type":"article","og_title":"Cookies - Pluginator","og_description":"Najlep\u0161ie pluginy pre tvoj projekt n\u00e1jde\u0161 na Pluginator-e. Pre viac inform\u00e1ci\u00ed si pozri si aj na\u0161u str\u00e1nku Cookies.","og_url":"https:\/\/www.pluginator.dev\/sk\/cookies\/","og_site_name":"Pluginator","article_publisher":"https:\/\/www.facebook.com\/pluginator.wisdom\/","article_modified_time":"2020-05-21T15:31:32+00:00","og_image":[{"width":1701,"height":1124,"url":"https:\/\/www.pluginator.dev\/wp-content\/uploads\/2020\/04\/Pluginator.png","type":"image\/png"}],"twitter_card":"summary_large_image","twitter_misc":{"Predpokladan\u00fd \u010das \u010d\u00edtania":"1 min\u00fata"},"schema":{"@context":"https:\/\/schema.org","@graph":[{"@type":"WebPage","@id":"https:\/\/www.pluginator.dev\/sk\/cookies\/","url":"https:\/\/www.pluginator.dev\/sk\/cookies\/","name":"Cookies - Pluginator","isPartOf":{"@id":"https:\/\/www.pluginator.dev\/sk\/#website"},"datePublished":"2018-03-23T10:04:43+00:00","dateModified":"2020-05-21T15:31:32+00:00","description":"Najlep\u0161ie pluginy pre tvoj projekt n\u00e1jde\u0161 na Pluginator-e. Pre viac inform\u00e1ci\u00ed si pozri si aj na\u0161u str\u00e1nku Cookies.","breadcrumb":{"@id":"https:\/\/www.pluginator.dev\/sk\/cookies\/#breadcrumb"},"inLanguage":"sk-SK","potentialAction":[{"@type":"ReadAction","target":["https:\/\/www.pluginator.dev\/sk\/cookies\/"]}]},{"@type":"BreadcrumbList","@id":"https:\/\/www.pluginator.dev\/sk\/cookies\/#breadcrumb","itemListElement":[{"@type":"ListItem","position":1,"name":"Home","item":"https:\/\/www.pluginator.dev\/sk\/"},{"@type":"ListItem","position":2,"name":"Cookies"}]},{"@type":"WebSite","@id":"https:\/\/www.pluginator.dev\/sk\/#website","url":"https:\/\/www.pluginator.dev\/sk\/","name":"Pluginator","description":"Kvalitn\u00e9 pluginy od \u0161pi\u010dkov\u00fdch program\u00e1torov","publisher":{"@id":"https:\/\/www.pluginator.dev\/sk\/#organization"},"potentialAction":[{"@type":"SearchAction","target":{"@type":"EntryPoint","urlTemplate":"https:\/\/www.pluginator.dev\/sk\/?s={search_term_string}"},"query-input":"required name=search_term_string"}],"inLanguage":"sk-SK"},{"@type":"Organization","@id":"https:\/\/www.pluginator.dev\/sk\/#organization","name":"Pluginator","url":"https:\/\/www.pluginator.dev\/sk\/","logo":{"@type":"ImageObject","inLanguage":"sk-SK","@id":"https:\/\/www.pluginator.dev\/sk\/#\/schema\/logo\/image\/","url":"https:\/\/www.pluginator.dev\/wp-content\/uploads\/2020\/04\/Pluginator.png","contentUrl":"https:\/\/www.pluginator.dev\/wp-content\/uploads\/2020\/04\/Pluginator.png","width":1701,"height":1124,"caption":"Pluginator"},"image":{"@id":"https:\/\/www.pluginator.dev\/sk\/#\/schema\/logo\/image\/"},"sameAs":["https:\/\/www.facebook.com\/pluginator.wisdom\/"]}]}},"_links":{"self":[{"href":"https:\/\/www.pluginator.dev\/sk\/wp-json\/wp\/v2\/pages\/195"}],"collection":[{"href":"https:\/\/www.pluginator.dev\/sk\/wp-json\/wp\/v2\/pages"}],"about":[{"href":"https:\/\/www.pluginator.dev\/sk\/wp-json\/wp\/v2\/types\/page"}],"author":[{"embeddable":true,"href":"https:\/\/www.pluginator.dev\/sk\/wp-json\/wp\/v2\/users\/1"}],"replies":[{"embeddable":true,"href":"https:\/\/www.pluginator.dev\/sk\/wp-json\/wp\/v2\/comments?post=195"}],"version-history":[{"count":3,"href":"https:\/\/www.pluginator.dev\/sk\/wp-json\/wp\/v2\/pages\/195\/revisions"}],"predecessor-version":[{"id":2731,"href":"https:\/\/www.pluginator.dev\/sk\/wp-json\/wp\/v2\/pages\/195\/revisions\/2731"}],"wp:attachment":[{"href":"https:\/\/www.pluginator.dev\/sk\/wp-json\/wp\/v2\/media?parent=195"}],"curies":[{"name":"wp","href":"https:\/\/api.w.org\/{rel}","templated":true}]}}